{"id":6714,"date":"2023-06-05T16:01:20","date_gmt":"2023-06-05T14:01:20","guid":{"rendered":"https:\/\/battke-gruenberg.de\/impressum-2\/"},"modified":"2026-03-16T14:02:59","modified_gmt":"2026-03-16T13:02:59","slug":"impressum","status":"publish","type":"page","link":"https:\/\/battke-gruenberg.de\/en\/impressum\/","title":{"rendered":"Impressum"},"content":{"rendered":"\t\t<div data-elementor-type=\"wp-page\" data-elementor-id=\"6714\" class=\"elementor elementor-6714 elementor-273\" data-elementor-post-type=\"page\">\n\t\t\t\t\t\t<section class=\"elementor-section elementor-top-section elementor-element elementor-element-422686b elementor-section-boxed elementor-section-height-default elementor-section-height-default\" data-id=\"422686b\" data-element_type=\"section\" data-e-type=\"section\" data-settings=\"{&quot;jet_parallax_layout_list&quot;:[]}\">\n\t\t\t\t\t\t<div class=\"elementor-container elementor-column-gap-default\">\n\t\t\t\t\t<div class=\"elementor-column elementor-col-100 elementor-top-column elementor-element elementor-element-de52666\" data-id=\"de52666\" data-element_type=\"column\" data-e-type=\"column\">\n\t\t\t<div class=\"elementor-widget-wrap elementor-element-populated\">\n\t\t\t\t\t\t<div class=\"elementor-element elementor-element-f49a15c elementor-widget elementor-widget-heading\" data-id=\"f49a15c\" data-element_type=\"widget\" data-e-type=\"widget\" data-widget_type=\"heading.default\">\n\t\t\t\t\t<h2 class=\"elementor-heading-title elementor-size-default\">Impressum<\/h2>\t\t\t\t<\/div>\n\t\t\t\t\t<\/div>\n\t\t<\/div>\n\t\t\t\t\t<\/div>\n\t\t<\/section>\n\t\t\t\t<section class=\"elementor-section elementor-top-section elementor-element elementor-element-f7c74da elementor-section-boxed elementor-section-height-default elementor-section-height-default\" data-id=\"f7c74da\" data-element_type=\"section\" data-e-type=\"section\" data-settings=\"{&quot;jet_parallax_layout_list&quot;:[]}\">\n\t\t\t\t\t\t<div class=\"elementor-container elementor-column-gap-default\">\n\t\t\t\t\t<div class=\"elementor-column elementor-col-100 elementor-top-column elementor-element elementor-element-8ed8176\" data-id=\"8ed8176\" data-element_type=\"column\" data-e-type=\"column\">\n\t\t\t<div class=\"elementor-widget-wrap elementor-element-populated\">\n\t\t\t\t\t\t<div class=\"elementor-element elementor-element-24bfafc elementor-widget elementor-widget-text-editor\" data-id=\"24bfafc\" data-element_type=\"widget\" data-e-type=\"widget\" data-widget_type=\"text-editor.default\">\n\t\t\t\t\t\t\t\t\t<p>\u00a0<\/p><pre><strong>BATTKE GR\u00dcNBERG Rechtsanw\u00e4lte PartGmbB<\/strong><\/pre><p>Kleine Br\u00fcdergasse 3-5<br \/>01067 Dresden<br \/>Deutschland<\/p><p>Tel.: +49 351 56 39 0 0<br \/>Fax: +49 351 563 90 99<\/p><p>E-Mail:\u00a0<a href=\"mailto:info@battke-gruenberg.de\">info@battke-gruenberg.de<\/a><\/p><p>Registergericht Dresden PR 216<br \/>USt-Identnummer: DE236581211<\/p><p><b>vertretungsberechtigte Partner im Sinne des PartGG<\/b>: J\u00f6rg-Dieter Battke, Dr. Andrea Benkendorff, Dr. Ludger Meuten, Frank Martin Thomsen, Karsten Matthie\u00df, Dr. Daniel Sch\u00f6neich, Dr. Tina Lorenz<\/p><p><strong>Datenschutz:<\/strong><\/p><p>Kontaktdaten unseres Datenschutzbeauftragten: E-Mail:\u00a0<a href=\"mailto:datenschutz@battke-gruenberg.de\">datenschutz@battke-gruenberg.de<\/a>\u00a0oder postalisch unter Battke Gr\u00fcnberg PartGmbB, Kleine Br\u00fcdergasse 3 \u2013 5, 01067 Dresden mit dem Zusatz \u201eder Datenschutzbeauftragte\u201c.<\/p><p><strong>Verantwortlich f\u00fcr journalistisch redaktionelle Inhalte:<\/strong><\/p><p>Dr. Ekkehard Nolting<br \/>E-Mail:\u00a0<a href=\"mailto:info@battke-gruenberg.de\">info@battke-gruenberg.de<\/a><\/p><p><strong>Berufsst\u00e4ndische Kammer:<\/strong><\/p><p>Rechtsanwaltskammer Sachsen<br \/>Glacisstra\u00dfe 6<br \/>01099 Dresden<\/p><p>Tel.: +49 351 31 85 9 0<br \/>Fax: +49 351 336 08 99<\/p><p>E-Mail:\u00a0<a href=\"mailto:info@rak-sachsen.de\">info@rak-sachsen.de<\/a><br \/>Website:\u00a0<a href=\"http:\/\/www.rak-sachsen.de\/\" target=\"_blank\" rel=\"noopener nofollow\">www.rak-sachsen.de<\/a><\/p><p>Die Berufsbezeichnung \u201eRechtsanw\u00e4ltin\u201c bzw. \u201eRechtsanwalt\u201c wurde in Deutschland verliehen.<\/p><p>Die T\u00e4tigkeit des Rechtsanwalts unterliegt folgenden berufsrechtlichen Regelungen: der Bundesrechtsanwaltsordnung (BRAO), dem Rechtsanwaltsverg\u00fctungsgesetz (RVG) sowie der Berufsordnung f\u00fcr Rechtsanw\u00e4lte (BORA) und der Fachanwaltsordnung (FAO), Berufsregeln der Rechtsanw\u00e4lte der EG und Gesetz \u00fcber die T\u00e4tigkeit europ\u00e4ischer Rechtsanw\u00e4lte. Die aktuellen Fassungen der Gesetze finden Sie unter:\u00a0<a href=\"http:\/\/www.brak.de\/seiten\/06.php#tdg\" target=\"_blank\" rel=\"noopener nofollow\">www.brak.de\/seiten\/06.php#tdg<\/a><\/p><p>Eine Berufshaftpflichtversicherung mit weltweiter Geltung besteht f\u00fcr die Rechtsanw\u00e4lte der Battke Gr\u00fcnberg PartGmbB bei der ERGO Versicherung AG, Direktionsgesch\u00e4ftsstelle Berlin, Stresemannstra\u00dfe 111, 10963 Berlin.<\/p><p><strong>Online-Streitbeilegung:<\/strong><\/p><p>Battke Gr\u00fcnberg Rechtsanw\u00e4lte PartGmbB ist grunds\u00e4tzlich nicht bereit und verpflichtet, an Streitbeilegungsverfahren vor einer Verbraucherschlichtungsstelle teilzunehmen.<\/p><p><strong>Konzeption<br \/><\/strong><a href=\"https:\/\/www.aliado-online.de\/\" target=\"_blank\" rel=\"noopener nofollow\">Aliado<\/a><br \/>Berliner Stra\u00dfe 65<br \/>04129 Leipzig<\/p><p><strong>Umsetzung<br \/><\/strong><a style=\"font-family: var( --e-global-typography-text-font-family ), Sans-serif; background-color: #ffffff; font-size: var( --e-global-typography-primary-font-size );\" href=\"https:\/\/ego-studio.de\" rel=\"nofollow noopener\" target=\"_blank\">EGO.STUDIO GmbH<\/a><br \/><span style=\"color: var( --e-global-color-text ); font-family: var( --e-global-typography-text-font-family ), Sans-serif; font-weight: var( --e-global-typography-text-font-weight ); font-size: var( --e-global-typography-primary-font-size );\">Lockwitztalstra\u00dfe 14<br \/><\/span><span style=\"color: var( --e-global-color-text ); font-family: var( --e-global-typography-text-font-family ), Sans-serif; font-weight: var( --e-global-typography-text-font-weight ); font-size: var( --e-global-typography-primary-font-size );\">01259 Dresden<\/span><\/p><p><strong>Bildnachweise<\/strong><\/p><p><a href=\"https:\/\/battke-gruenberg.de\/\">https:\/\/battke-gruenberg.de\/<\/a><br \/>\u00a9 Battke Gr\u00fcnberg, Isabel Noack &#8211; Fotografie<br \/>\u00a9 Battke Gr\u00fcnberg, EGO-Studio Dresden<br \/>\u00a9 Alvov \u2013 stock.adobe.com<\/p><p><a href=\"https:\/\/battke-gruenberg.de\/kanzlei\/\">https:\/\/battke-gruenberg.de\/kanzlei\/<\/a><br \/>\u00a9 Battke Gr\u00fcnberg, Isabel Noack &#8211; Fotografie<\/p><p>Rechtsanw\u00e4lte, Portr\u00e4ts<br \/>\u00a9 Battke Gr\u00fcnberg, Isabel Noack &#8211; Fotografie<\/p><p>https:\/\/battke-gruenberg.de\/kontakt<br \/>\u00a9Battke Gr\u00fcnberg, Isabel Noack &#8211; Fotografie<\/p><p><a href=\"https:\/\/battke-gruenberg.de\/battke-fruehstueck\/\">https:\/\/battke-gruenberg.de\/battke-fruehstueck\/<\/a><br \/>\u00a9Battke Gr\u00fcnberg, Isabel Noack &#8211; Fotografie<\/p><p><a href=\"https:\/\/battke-gruenberg.de\/battke-brainery-seminare\/\">https:\/\/battke-gruenberg.de\/battke-brainery-seminare\/<\/a><br \/>\u00a9 Battke Gr\u00fcnberg, Isabel Noack &#8211; Fotografie<\/p><p><a href=\"https:\/\/battke-gruenberg.de\/vortraege\/\">https:\/\/battke-gruenberg.de\/vortraege\/<\/a><br \/><a href=\"https:\/\/battke-gruenberg.de\/workshops\/\">https:\/\/battke-gruenberg.de\/workshops\/<\/a><br \/><a href=\"https:\/\/battke-gruenberg.de\/law-in-house\/\">https:\/\/battke-gruenberg.de\/law-in-house\/<\/a><\/p><p>\u00a9Matej Kastelic \u2013 Schutterstock.com<\/p><p><a href=\"https:\/\/battke-gruenberg.de\/karriere-aktuelle-stellenangebote\/\">https:\/\/battke-gruenberg.de\/karriere\/<\/a><br \/>\u00a9 Battke Gr\u00fcnberg, Isabel Noack &#8211; Fotografie<\/p><p><a href=\"https:\/\/battke-gruenberg.de\/newsroom\/\">https:\/\/battke-gruenberg.de\/newsroom\/<\/a><br \/>\u00a9Andrey Popov \u2013 stock.adobe.com<br \/>\u00a9daboost \u2013 stock.adobe.com<br \/>\u00a9Suphakant \u2013 stock.adobe.com<br \/>\u00a9kasto \u2013 stock.adobe.com<br \/>\u00a9xiaoliangge \u2013 stock.adobe.com<br \/>\u00a9panophotograph \u2013 stock.adobe.com<br \/>\u00a9Tom Merton\/KOTO \u2013 stock.adobe.com<br \/>\u00a9yurolaitsalbert \u2013 stock.adobe.com<br \/>\u00a9Viacheslav Yakobchuk \u2013 stock.adobe.com<br \/>\u00a9sebra \u2013 stock.adobe.com<br \/>\u00a9maya1313 \u2013 stock.adobe.com<br \/>\u00a9aboutmomentsimages \u2013 stock.adobe.com<br \/>\u00a9Andrey Popov \u2013 stock.adobe.com<br \/>\u00a9Andrey Popov \u2013 stock.adobe.com<br \/>\u00a9ijeab \u2013 stock.adobe.com<br \/>\u00a9Kateryna \u2013 stock.adobe.com<br \/>\u00a9Marco2811 \u2013 stock.adobe.com<br \/>\u00a9Pituk \u2013 stock.adobe.com<\/p><p><a href=\"https:\/\/battke-gruenberg.de\/fachkraefte-international\/\">https:\/\/battke-gruenberg.de\/fachkraefte-international\/<\/a><br \/>\u00a9VisualProduction \u2013 stock.adobe.com<br \/>\u00a9Wesley J\/peopleimages.com \u2013 stock.adobe.com<br \/>\u00a9 Battke Gr\u00fcnberg, Isabel Noack &#8211; Fotografie<\/p><p><a href=\"https:\/\/battke-gruenberg.de\/mopeg\/\">https:\/\/battke-gruenberg.de\/mopeg\/<\/a><br \/>\u00a9 Battke Gr\u00fcnberg, Isabel Noack &#8211; Fotografie<\/p><p><a href=\"https:\/\/battke-gruenberg.de\/ki-gesetz\">https:\/\/battke-gruenberg.de\/ki-gesetz<\/a><br \/>\u00a9 Battke Gr\u00fcnberg, Isabel Noack &#8211; Fotografie<br \/>\u00a9tippapatt \u2013 stock.adobe.com<\/p><p><a href=\"https:\/\/battke-gruenberg.de\/Start-Up-Date\/\">https:\/\/battke-gruenberg.de\/Start-Up-Date\/<\/a><br \/>\u00a9aFotostock \u2013 stock.adobe.com<br \/>\u00a9 Battke Gr\u00fcnberg, Isabel Noack &#8211; Fotografie<\/p><p><blockquote class=\"wp-embedded-content\" data-secret=\"CksDS0oBtX\"><a href=\"https:\/\/battke-gruenberg.de\/nis2\/\">NIS2<\/a><\/blockquote><iframe class=\"wp-embedded-content\" sandbox=\"allow-scripts\" security=\"restricted\" style=\"position: absolute; visibility: hidden;\" title=\"&#8220;NIS2&#8221; &#8212; BATTKE GR\u00dcNBERG\" src=\"https:\/\/battke-gruenberg.de\/nis2\/embed\/#?secret=lS4ydbYclu#?secret=CksDS0oBtX\" data-secret=\"CksDS0oBtX\" width=\"600\" height=\"338\" frameborder=\"0\" marginwidth=\"0\" marginheight=\"0\" scrolling=\"no\"><\/iframe><\/p><p>\u00a9 emiliia \u2013 stock.adobe.com<br \/>\u00a9 Battke Gr\u00fcnberg, Isabel Noack &#8211; Fotografie<\/p><p><a href=\"https:\/\/battke-gruenberg.de\/battke-fruehstueck-2024\">https:\/\/battke-gruenberg.de\/battke-fruehstueck-2024<\/a><br \/>\u00a9Yurolaitsalbert \u2013 stock.adobe.com<br \/>\u00a9 Battke Gr\u00fcnberg, Isabel Noack &#8211; Fotografie<\/p><p><a href=\"https:\/\/battke-gruenberg.de\/vergabefruehstueck-2025\/\"><strong>https:\/\/battke-gruenberg.de\/vergabefruehstueck-2025\/<\/strong><\/a><br \/>\u00a9 Battke Gr\u00fcnberg, Antonia Born<\/p><div>https:\/\/battke-gruenberg.de\/arbeitsrecht-fruehstueck-2026\/<\/div><div>\u00a9 Battke Gr\u00fcnberg, Isabel Noack &#8211; Fotografie<\/div><p><a href=\"https:\/\/battke-consulting.de\/\" rel=\"nofollow noopener\" target=\"_blank\">https:\/\/battke-consulting.de\/<\/a><br \/>\u00a9rawpixel.com \u2013 stock.adobe.com<br \/>\u00a9Monkey Business \u2013 stock.adobe.com<br \/>\u00a9Tom Merton\/KOTO \u2013 stock.adobe.com<br \/>\u00a9 Battke Gr\u00fcnberg, Isabel Noack &#8211; Fotografie<\/p>\t\t\t\t\t\t\t\t<\/div>\n\t\t\t\t\t<\/div>\n\t\t<\/div>\n\t\t\t\t\t<\/div>\n\t\t<\/section>\n\t\t\t\t<\/div>\n\t\t","protected":false},"excerpt":{"rendered":"<p>Impressum \u00a0 BATTKE GR\u00dcNBERG Rechtsanw\u00e4lte PartGmbB Kleine Br\u00fcdergasse 3-501067 DresdenDeutschland Tel.: +49 351 56 39 0 0Fax: +49 351 563 90 99 E-Mail:\u00a0info@battke-gruenberg.de Registergericht Dresden PR 216USt-Identnummer: DE236581211 vertretungsberechtigte Partner im Sinne des PartGG: J\u00f6rg-Dieter Battke, Dr. Andrea Benkendorff, Dr. Ludger Meuten, Frank Martin Thomsen, Karsten Matthie\u00df, Dr. Daniel Sch\u00f6neich, Dr. Tina Lorenz Datenschutz: Kontaktdaten [&hellip;]<\/p>\n","protected":false},"author":4,"featured_media":0,"parent":0,"menu_order":0,"comment_status":"closed","ping_status":"closed","template":"","meta":{"inline_featured_image":false,"footnotes":""},"folder":[],"class_list":["post-6714","page","type-page","status-publish","hentry"],"_links":{"self":[{"href":"https:\/\/battke-gruenberg.de\/en\/wp-json\/wp\/v2\/pages\/6714","targetHints":{"allow":["GET"]}}],"collection":[{"href":"https:\/\/battke-gruenberg.de\/en\/wp-json\/wp\/v2\/pages"}],"about":[{"href":"https:\/\/battke-gruenberg.de\/en\/wp-json\/wp\/v2\/types\/page"}],"author":[{"embeddable":true,"href":"https:\/\/battke-gruenberg.de\/en\/wp-json\/wp\/v2\/users\/4"}],"replies":[{"embeddable":true,"href":"https:\/\/battke-gruenberg.de\/en\/wp-json\/wp\/v2\/comments?post=6714"}],"version-history":[{"count":24,"href":"https:\/\/battke-gruenberg.de\/en\/wp-json\/wp\/v2\/pages\/6714\/revisions"}],"predecessor-version":[{"id":16195,"href":"https:\/\/battke-gruenberg.de\/en\/wp-json\/wp\/v2\/pages\/6714\/revisions\/16195"}],"wp:attachment":[{"href":"https:\/\/battke-gruenberg.de\/en\/wp-json\/wp\/v2\/media?parent=6714"}],"wp:term":[{"taxonomy":"folder","embeddable":true,"href":"https:\/\/battke-gruenberg.de\/en\/wp-json\/wp\/v2\/folder?post=6714"}],"curies":[{"name":"wp","href":"https:\/\/api.w.org\/{rel}","templated":true}]}}