{"id":6666,"date":"2023-07-12T13:13:57","date_gmt":"2023-07-12T11:13:57","guid":{"rendered":"https:\/\/battke-gruenberg.de\/bewerbungsformular\/"},"modified":"2024-09-10T15:02:36","modified_gmt":"2024-09-10T13:02:36","slug":"bewerbungsformular","status":"publish","type":"page","link":"https:\/\/battke-gruenberg.de\/en\/bewerbungsformular\/","title":{"rendered":"Bewerbungsformular"},"content":{"rendered":"\t\t<div data-elementor-type=\"wp-page\" data-elementor-id=\"6666\" class=\"elementor elementor-6666 elementor-2281\" data-elementor-post-type=\"page\">\n\t\t\t\t\t\t<section class=\"elementor-section elementor-top-section elementor-element elementor-element-5114879 elementor-section-boxed elementor-section-height-default elementor-section-height-default\" data-id=\"5114879\" data-element_type=\"section\" data-e-type=\"section\" data-settings=\"{&quot;jet_parallax_layout_list&quot;:[],&quot;background_background&quot;:&quot;classic&quot;}\">\n\t\t\t\t\t\t<div class=\"elementor-container elementor-column-gap-default\">\n\t\t\t\t\t<div class=\"elementor-column elementor-col-100 elementor-top-column elementor-element elementor-element-2f82ff9\" data-id=\"2f82ff9\" data-element_type=\"column\" data-e-type=\"column\">\n\t\t\t<div class=\"elementor-widget-wrap elementor-element-populated\">\n\t\t\t\t\t\t<div class=\"elementor-element elementor-element-f7d2c51 elementor-widget-divider--view-line elementor-widget elementor-widget-divider\" data-id=\"f7d2c51\" data-element_type=\"widget\" data-e-type=\"widget\" data-widget_type=\"divider.default\">\n\t\t\t\t\t\t\t<div class=\"elementor-divider\">\n\t\t\t<span class=\"elementor-divider-separator\">\n\t\t\t\t\t\t<\/span>\n\t\t<\/div>\n\t\t\t\t\t\t<\/div>\n\t\t\t\t\t<\/div>\n\t\t<\/div>\n\t\t\t\t\t<\/div>\n\t\t<\/section>\n\t\t\t\t<section class=\"elementor-section elementor-top-section elementor-element elementor-element-2cee73b elementor-section-boxed elementor-section-height-default elementor-section-height-default\" data-id=\"2cee73b\" data-element_type=\"section\" data-e-type=\"section\" data-settings=\"{&quot;jet_parallax_layout_list&quot;:[]}\">\n\t\t\t\t\t\t<div class=\"elementor-container elementor-column-gap-default\">\n\t\t\t\t\t<div class=\"elementor-column elementor-col-100 elementor-top-column elementor-element elementor-element-15fde7c\" data-id=\"15fde7c\" data-element_type=\"column\" data-e-type=\"column\">\n\t\t\t<div class=\"elementor-widget-wrap elementor-element-populated\">\n\t\t\t\t\t\t<div class=\"elementor-element elementor-element-8151eeb elementor-widget elementor-widget-heading\" data-id=\"8151eeb\" data-element_type=\"widget\" data-e-type=\"widget\" data-widget_type=\"heading.default\">\n\t\t\t\t\t<h2 class=\"elementor-heading-title elementor-size-default\">Bewerbungsformular<\/h2>\t\t\t\t<\/div>\n\t\t\t\t\t<\/div>\n\t\t<\/div>\n\t\t\t\t\t<\/div>\n\t\t<\/section>\n\t\t\t\t<section class=\"elementor-section elementor-top-section elementor-element elementor-element-1d11ec8 elementor-section-boxed elementor-section-height-default elementor-section-height-default\" data-id=\"1d11ec8\" data-element_type=\"section\" data-e-type=\"section\" data-settings=\"{&quot;jet_parallax_layout_list&quot;:[]}\">\n\t\t\t\t\t\t<div class=\"elementor-container elementor-column-gap-default\">\n\t\t\t\t\t<div class=\"elementor-column elementor-col-100 elementor-top-column elementor-element elementor-element-06519d2\" data-id=\"06519d2\" data-element_type=\"column\" data-e-type=\"column\">\n\t\t\t<div class=\"elementor-widget-wrap elementor-element-populated\">\n\t\t\t\t\t\t<div class=\"elementor-element elementor-element-63f7e06 eael-wpforms-labels-yes eael-wpforms-form-button-custom elementor-widget elementor-widget-eael-wpforms\" data-id=\"63f7e06\" data-element_type=\"widget\" data-e-type=\"widget\" data-widget_type=\"eael-wpforms.default\">\n\t\t\t\t\t            <div class=\"eael-contact-form eael-wpforms eael-wpforms-align-default\">\n                                <div class=\"wpforms-container wpforms-container-full wpforms-render-modern\" id=\"wpforms-722\"><form id=\"wpforms-form-722\" class=\"wpforms-validate wpforms-form wpforms-ajax-form\" data-formid=\"722\" method=\"post\" enctype=\"multipart\/form-data\" action=\"\/en\/wp-json\/wp\/v2\/pages\/6666?wpforms_form_id=722\" data-token=\"8659fd546783d6500b456de5fe5588dd\" data-token-time=\"1777050631\"><div class=\"wpforms-head-container\"><\/div><noscript class=\"wpforms-error-noscript\">Please enable JavaScript in your browser to complete this form.<\/noscript><div id=\"wpforms-error-noscript\" style=\"display: none;\">Please enable JavaScript in your browser to complete this form.<\/div><div class=\"wpforms-field-container\"><div id=\"wpforms-722-field_4-container\" class=\"wpforms-field wpforms-field-name\" data-field-id=\"4\"><label class=\"wpforms-field-label wpforms-label-hide\" for=\"wpforms-722-field_4\" aria-hidden=\"false\">Vorname <span class=\"wpforms-required-label\" aria-hidden=\"true\">*<\/span><\/label><input type=\"text\" id=\"wpforms-722-field_4\" class=\"wpforms-field-large wpforms-field-required\" name=\"wpforms[fields][4]\" placeholder=\"Vorname*\" aria-errormessage=\"wpforms-722-field_4-error\" required><\/div><div id=\"wpforms-722-field_3-container\" class=\"wpforms-field wpforms-field-name\" data-field-id=\"3\"><label class=\"wpforms-field-label wpforms-label-hide\" for=\"wpforms-722-field_3\" aria-hidden=\"false\">Nachname <span class=\"wpforms-required-label\" aria-hidden=\"true\">*<\/span><\/label><input type=\"text\" id=\"wpforms-722-field_3\" class=\"wpforms-field-large wpforms-field-required\" name=\"wpforms[fields][3]\" placeholder=\"Nachname*\" aria-errormessage=\"wpforms-722-field_3-error\" required><\/div><div id=\"wpforms-722-field_9-container\" class=\"wpforms-field wpforms-field-text\" data-field-id=\"9\"><label class=\"wpforms-field-label wpforms-label-hide\" for=\"wpforms-722-field_9\" aria-hidden=\"false\">Stra\u00dfe<\/label><input type=\"text\" id=\"wpforms-722-field_9\" class=\"wpforms-field-large\" name=\"wpforms[fields][9]\" placeholder=\"Stra\u00dfe*\" aria-errormessage=\"wpforms-722-field_9-error\" ><\/div><div id=\"wpforms-722-field_10-container\" class=\"wpforms-field wpforms-field-text\" data-field-id=\"10\"><label class=\"wpforms-field-label wpforms-label-hide\" for=\"wpforms-722-field_10\" aria-hidden=\"false\">PLZ\/Ort<\/label><input type=\"text\" id=\"wpforms-722-field_10\" class=\"wpforms-field-large\" name=\"wpforms[fields][10]\" placeholder=\"PLZ\/Ort*\" aria-errormessage=\"wpforms-722-field_10-error\" ><\/div><div id=\"wpforms-722-field_1-container\" class=\"wpforms-field wpforms-field-email\" data-field-id=\"1\"><label class=\"wpforms-field-label wpforms-label-hide\" for=\"wpforms-722-field_1\" aria-hidden=\"false\">E-Mail <span class=\"wpforms-required-label\" aria-hidden=\"true\">*<\/span><\/label><input type=\"email\" id=\"wpforms-722-field_1\" class=\"wpforms-field-large wpforms-field-required\" name=\"wpforms[fields][1]\" placeholder=\"E-Mail*\" spellcheck=\"false\" aria-errormessage=\"wpforms-722-field_1-error\" required><\/div><div id=\"wpforms-722-field_2-container\" class=\"wpforms-field wpforms-field-textarea\" data-field-id=\"2\"><label class=\"wpforms-field-label wpforms-label-hide\" for=\"wpforms-722-field_2\" aria-hidden=\"false\">Kommentar oder Nachricht<\/label><textarea id=\"wpforms-722-field_2\" class=\"wpforms-field-medium\" name=\"wpforms[fields][2]\" placeholder=\"Anliegen\" aria-errormessage=\"wpforms-722-field_2-error\" ><\/textarea><\/div><div id=\"wpforms-722-field_18-container\" class=\"wpforms-field wpforms-field-file-upload\" data-field-id=\"18\"><label class=\"wpforms-field-label wpforms-label-hide\" for=\"wpforms-722-field_18\" aria-hidden=\"false\">Anh\u00e4nge<\/label><div\n\t\tclass=\"wpforms-uploader \"\n\t\tdata-field-id=\"18\"\n\t\tdata-form-id=\"722\"\n\t\tdata-input-name=\"wpforms_722_18\"\n\t\tdata-extensions=\"pdf,docx,jpg\"\n\t\tdata-max-size=\"20971520\"\n\t\tdata-max-file-number=\"5\"\n\t\tdata-post-max-size=\"67108864\"\n\t\tdata-max-parallel-uploads=\"4\"\n\t\tdata-parallel-uploads=\"true\"\n\t\tdata-file-chunk-size=\"2097152\">\n\t<div class=\"dz-message\">\n\t\t<svg  viewBox=\"0 0 640 640\" focusable=\"false\" data-icon=\"inbox\" width=\"50px\" height=\"50px\" fill=\"currentColor\" aria-hidden=\"true\">\n\t\t\t<path d=\"M352 173.3L352 384C352 401.7 337.7 416 320 416C302.3 416 288 401.7 288 384L288 173.3L246.6 214.7C234.1 227.2 213.8 227.2 201.3 214.7C188.8 202.2 188.8 181.9 201.3 169.4L297.3 73.4C309.8 60.9 330.1 60.9 342.6 73.4L438.6 169.4C451.1 181.9 451.1 202.2 438.6 214.7C426.1 227.2 405.8 227.2 393.3 214.7L352 173.3zM320 464C364.2 464 400 428.2 400 384L480 384C515.3 384 544 412.7 544 448L544 480C544 515.3 515.3 544 480 544L160 544C124.7 544 96 515.3 96 480L96 448C96 412.7 124.7 384 160 384L240 384C240 428.2 275.8 464 320 464zM464 488C477.3 488 488 477.3 488 464C488 450.7 477.3 440 464 440C450.7 440 440 450.7 440 464C440 477.3 450.7 488 464 488z\"\/>\n\t\t<\/svg>\n\n\t\t<span class=\"modern-title\">\n\t\t\t\t\t\t\tDrag &amp; Drop Files, \t\t\t\t<span>Choose Files to Upload<\/span>\n\t\t\t\t\t<\/span>\n\n\t\t\t\t\t<span class=\"modern-hint\">You can upload up to 5 files.<\/span>\n\t\t\t<\/div>\n<\/div>\n\n<input\n\t\ttype=\"text\"\n\t\tautocomplete=\"off\"\n\t\treadonly\n\t\tclass=\"dropzone-input\"\n\t\tstyle=\"position:absolute!important;clip:rect(0,0,0,0)!important;height:1px!important;width:1px!important;border:0!important;overflow:hidden!important;padding:0!important;margin:0!important;\"\n\t\tid=\"wpforms-722-field_18\"\n\t\tname=\"wpforms_722_18\" \t\tvalue=\"\">\n<\/div><div id=\"wpforms-722-field_21-container\" class=\"wpforms-field wpforms-field-gdpr-checkbox\" data-field-id=\"21\"><label class=\"wpforms-field-label\">Einverst\u00e4ndnis zur Verarbeitung personenbezogener Daten <span class=\"wpforms-required-label\" aria-hidden=\"true\">*<\/span><\/label><ul id=\"wpforms-722-field_21\" class=\"wpforms-field-required\"><li class=\"choice-1\"><input type=\"checkbox\" id=\"wpforms-722-field_21_1\" name=\"wpforms[fields][21][]\" value=\"Ich willige ein, dass meine \u00fcbermittelten personenbezogenen Daten zum Zweck des Bewerbungsprozesses verarbeitet werden d\u00fcrfen.\" aria-errormessage=\"wpforms-722-field_21_1-error\" aria-describedby=\"wpforms-722-field_21-description\" required ><label class=\"wpforms-field-label-inline\" for=\"wpforms-722-field_21_1\">Ich willige ein, dass meine \u00fcbermittelten personenbezogenen Daten zum Zweck des Bewerbungsprozesses verarbeitet werden d\u00fcrfen.<\/label><\/li><\/ul><div id=\"wpforms-722-field_21-description\" class=\"wpforms-field-description\">Informationen zur Verarbeitung Ihrer personenbezogenen Daten finden Sie hier: https:\/\/battke-gruenberg.de\/Datenschutz-Bewerber<\/div><\/div><\/div><!-- .wpforms-field-container --><div class=\"wpforms-submit-container\" ><input type=\"hidden\" name=\"wpforms[id]\" value=\"722\"><input type=\"hidden\" name=\"page_title\" value=\"\"><input type=\"hidden\" name=\"page_url\" value=\"https:\/\/battke-gruenberg.de\/en\/wp-json\/wp\/v2\/pages\/6666\"><input type=\"hidden\" name=\"url_referer\" value=\"\"><button type=\"submit\" name=\"wpforms[submit]\" id=\"wpforms-submit-722\" class=\"wpforms-submit\" data-alt-text=\"Senden\u2026\" data-submit-text=\"Senden\" aria-live=\"assertive\" value=\"wpforms-submit\">Senden<\/button><img decoding=\"async\" src=\"data:image\/gif;base64,R0lGODlhAQABAAAAACH5BAEKAAEALAAAAAABAAEAAAICTAEAOw==\" class=\"wpforms-submit-spinner lazyload\" style=\"display: none;\" width=\"26\" height=\"26\" alt=\"Loading\" title=\"\" data-src=\"https:\/\/battke-gruenberg.de\/wp-content\/plugins\/wpforms\/assets\/images\/submit-spin.svg\"><\/div><\/form><\/div>  <!-- .wpforms-container -->            <\/div>\n\t\t\t\t<\/div>\n\t\t\t\t\t<\/div>\n\t\t<\/div>\n\t\t\t\t\t<\/div>\n\t\t<\/section>\n\t\t\t\t<\/div>\n\t\t","protected":false},"excerpt":{"rendered":"<p>Bewerbungsformular Bitte aktivieren Sie JavaScript in Ihrem Browser, um dieses Formular fertigzustellen.Bitte aktivieren Sie JavaScript in Ihrem Browser, um dieses Formular fertigzustellen.Vorname *Nachname *Stra\u00dfePLZ\/OrtE-Mail *Kommentar oder NachrichtAnh\u00e4nge Click or drag files to this area to upload. You can upload up to 5 files. Einverst\u00e4ndnis zur Verarbeitung personenbezogener Daten * Ich willige ein, dass meine \u00fcbermittelten [&hellip;]<\/p>\n","protected":false},"author":4,"featured_media":0,"parent":0,"menu_order":0,"comment_status":"closed","ping_status":"closed","template":"","meta":{"inline_featured_image":false,"footnotes":""},"folder":[],"class_list":["post-6666","page","type-page","status-publish","hentry"],"_links":{"self":[{"href":"https:\/\/battke-gruenberg.de\/en\/wp-json\/wp\/v2\/pages\/6666","targetHints":{"allow":["GET"]}}],"collection":[{"href":"https:\/\/battke-gruenberg.de\/en\/wp-json\/wp\/v2\/pages"}],"about":[{"href":"https:\/\/battke-gruenberg.de\/en\/wp-json\/wp\/v2\/types\/page"}],"author":[{"embeddable":true,"href":"https:\/\/battke-gruenberg.de\/en\/wp-json\/wp\/v2\/users\/4"}],"replies":[{"embeddable":true,"href":"https:\/\/battke-gruenberg.de\/en\/wp-json\/wp\/v2\/comments?post=6666"}],"version-history":[{"count":0,"href":"https:\/\/battke-gruenberg.de\/en\/wp-json\/wp\/v2\/pages\/6666\/revisions"}],"wp:attachment":[{"href":"https:\/\/battke-gruenberg.de\/en\/wp-json\/wp\/v2\/media?parent=6666"}],"wp:term":[{"taxonomy":"folder","embeddable":true,"href":"https:\/\/battke-gruenberg.de\/en\/wp-json\/wp\/v2\/folder?post=6666"}],"curies":[{"name":"wp","href":"https:\/\/api.w.org\/{rel}","templated":true}]}}