{"id":6596,"date":"2023-06-05T16:01:03","date_gmt":"2023-06-05T14:01:03","guid":{"rendered":"https:\/\/battke-gruenberg.de\/contact\/"},"modified":"2023-08-23T23:54:10","modified_gmt":"2023-08-23T21:54:10","slug":"contact","status":"publish","type":"page","link":"https:\/\/battke-gruenberg.de\/en\/contact\/","title":{"rendered":"Contact"},"content":{"rendered":"\t\t<div data-elementor-type=\"wp-page\" data-elementor-id=\"6596\" class=\"elementor elementor-6596 elementor-271\" data-elementor-post-type=\"page\">\n\t\t\t\t\t\t<section class=\"elementor-section elementor-top-section elementor-element elementor-element-5114879 elementor-section-boxed elementor-section-height-default elementor-section-height-default\" data-id=\"5114879\" data-element_type=\"section\" data-e-type=\"section\" data-settings=\"{&quot;jet_parallax_layout_list&quot;:[],&quot;background_background&quot;:&quot;classic&quot;}\">\n\t\t\t\t\t\t<div class=\"elementor-container elementor-column-gap-default\">\n\t\t\t\t\t<div class=\"elementor-column elementor-col-100 elementor-top-column elementor-element elementor-element-2f82ff9\" data-id=\"2f82ff9\" data-element_type=\"column\" data-e-type=\"column\">\n\t\t\t<div class=\"elementor-widget-wrap elementor-element-populated\">\n\t\t\t\t\t\t<div class=\"elementor-element elementor-element-f7d2c51 elementor-widget-divider--view-line elementor-widget elementor-widget-divider\" data-id=\"f7d2c51\" data-element_type=\"widget\" data-e-type=\"widget\" data-widget_type=\"divider.default\">\n\t\t\t\t\t\t\t<div class=\"elementor-divider\">\n\t\t\t<span class=\"elementor-divider-separator\">\n\t\t\t\t\t\t<\/span>\n\t\t<\/div>\n\t\t\t\t\t\t<\/div>\n\t\t\t\t\t<\/div>\n\t\t<\/div>\n\t\t\t\t\t<\/div>\n\t\t<\/section>\n\t\t\t\t<section class=\"elementor-section elementor-top-section elementor-element elementor-element-2cee73b elementor-section-boxed elementor-section-height-default elementor-section-height-default\" data-id=\"2cee73b\" data-element_type=\"section\" data-e-type=\"section\" data-settings=\"{&quot;jet_parallax_layout_list&quot;:[]}\">\n\t\t\t\t\t\t<div class=\"elementor-container elementor-column-gap-default\">\n\t\t\t\t\t<div class=\"elementor-column elementor-col-100 elementor-top-column elementor-element elementor-element-15fde7c\" data-id=\"15fde7c\" data-element_type=\"column\" data-e-type=\"column\">\n\t\t\t<div class=\"elementor-widget-wrap elementor-element-populated\">\n\t\t\t\t\t\t<div class=\"elementor-element elementor-element-8151eeb elementor-widget elementor-widget-heading\" data-id=\"8151eeb\" data-element_type=\"widget\" data-e-type=\"widget\" data-widget_type=\"heading.default\">\n\t\t\t\t\t<h1 class=\"elementor-heading-title elementor-size-default\">Directions<\/h1>\t\t\t\t<\/div>\n\t\t\t\t<section class=\"elementor-section elementor-inner-section elementor-element elementor-element-17fd45c elementor-section-boxed elementor-section-height-default elementor-section-height-default\" data-id=\"17fd45c\" data-element_type=\"section\" data-e-type=\"section\" data-settings=\"{&quot;jet_parallax_layout_list&quot;:[]}\">\n\t\t\t\t\t\t<div class=\"elementor-container elementor-column-gap-default\">\n\t\t\t\t\t<div class=\"elementor-column elementor-col-50 elementor-inner-column elementor-element elementor-element-a142307\" data-id=\"a142307\" data-element_type=\"column\" data-e-type=\"column\">\n\t\t\t<div class=\"elementor-widget-wrap elementor-element-populated\">\n\t\t\t\t\t\t<div class=\"elementor-element elementor-element-217d4bb elementor-widget elementor-widget-text-editor\" data-id=\"217d4bb\" data-element_type=\"widget\" data-e-type=\"widget\" data-widget_type=\"text-editor.default\">\n\t\t\t\t\t\t\t\t\t<p><strong>Address.<\/strong><\/p>\n<p>Kleine Br\u00fcdergasse 3-5<br \/>01067 Dresden<br \/>Deutschland<br \/>Phone.: +49 351 56 39 0 0<br \/>Fax: +49 351 563 90 99<br \/><a href=\"mailto:info@battke-gruenberg.de\">info@battke-gruenberg.de<\/a><\/p>\n\t\t\t\t\t\t\t\t<\/div>\n\t\t\t\t\t<\/div>\n\t\t<\/div>\n\t\t\t\t<div class=\"elementor-column elementor-col-50 elementor-inner-column elementor-element elementor-element-21e3317\" data-id=\"21e3317\" data-element_type=\"column\" data-e-type=\"column\">\n\t\t\t<div class=\"elementor-widget-wrap elementor-element-populated\">\n\t\t\t\t\t\t<div class=\"elementor-element elementor-element-ebd6eaf elementor-widget elementor-widget-google_maps\" data-id=\"ebd6eaf\" data-element_type=\"widget\" data-e-type=\"widget\" data-widget_type=\"google_maps.default\">\n\t\t\t\t\t\t\t<div class=\"elementor-custom-embed\">\n\t\t\t<iframe loading=\"lazy\"\n\t\t\t\t\tsrc=\"https:\/\/maps.google.com\/maps?q=%20%20Kleine%20Br%C3%BCdergasse%205&#038;t=m&#038;z=19&#038;output=embed&#038;iwloc=near\"\n\t\t\t\t\ttitle=\"  Kleine Br\u00fcdergasse 5\"\n\t\t\t\t\taria-label=\"  Kleine Br\u00fcdergasse 5\"\n\t\t\t><\/iframe>\n\t\t<\/div>\n\t\t\t\t\t\t<\/div>\n\t\t\t\t\t<\/div>\n\t\t<\/div>\n\t\t\t\t\t<\/div>\n\t\t<\/section>\n\t\t\t\t\t<\/div>\n\t\t<\/div>\n\t\t\t\t\t<\/div>\n\t\t<\/section>\n\t\t\t\t<section class=\"elementor-section elementor-top-section elementor-element elementor-element-4f61f8d elementor-section-boxed elementor-section-height-default elementor-section-height-default\" data-id=\"4f61f8d\" data-element_type=\"section\" data-e-type=\"section\" data-settings=\"{&quot;jet_parallax_layout_list&quot;:[]}\">\n\t\t\t\t\t\t<div class=\"elementor-container elementor-column-gap-default\">\n\t\t\t\t\t<div class=\"elementor-column elementor-col-100 elementor-top-column elementor-element elementor-element-cafe9a4\" data-id=\"cafe9a4\" data-element_type=\"column\" data-e-type=\"column\">\n\t\t\t<div class=\"elementor-widget-wrap elementor-element-populated\">\n\t\t\t\t\t\t<div class=\"elementor-element elementor-element-5aeaef2 elementor-widget elementor-widget-text-editor\" data-id=\"5aeaef2\" data-element_type=\"widget\" data-e-type=\"widget\" data-widget_type=\"text-editor.default\">\n\t\t\t\t\t\t\t\t\t<p><strong>How to find us.<\/strong><\/p>\n<p>The office is centrally located between Postplatz and Kempinski Hotel in Kleine Br\u00fcdergasse 3-5, 01067 Dresden. We welcome our clients at entrance number 5. <\/p>\n<p>Clients arriving by car are kindly requested to use the underground car park at Kleine Br\u00fcdergasse 3. We have a free exit ticket ready for you. <\/p>\n\t\t\t\t\t\t\t\t<\/div>\n\t\t\t\t\t<\/div>\n\t\t<\/div>\n\t\t\t\t\t<\/div>\n\t\t<\/section>\n\t\t\t\t<section class=\"elementor-section elementor-top-section elementor-element elementor-element-811a4c5 elementor-section-boxed elementor-section-height-default elementor-section-height-default\" data-id=\"811a4c5\" data-element_type=\"section\" data-e-type=\"section\" data-settings=\"{&quot;jet_parallax_layout_list&quot;:[]}\">\n\t\t\t\t\t\t<div class=\"elementor-container elementor-column-gap-default\">\n\t\t\t\t\t<div class=\"elementor-column elementor-col-100 elementor-top-column elementor-element elementor-element-c5a527b\" data-id=\"c5a527b\" data-element_type=\"column\" data-e-type=\"column\">\n\t\t\t<div class=\"elementor-widget-wrap elementor-element-populated\">\n\t\t\t\t\t\t<div class=\"elementor-element elementor-element-f516018 elementor-widget elementor-widget-accordion\" data-id=\"f516018\" data-element_type=\"widget\" data-e-type=\"widget\" data-widget_type=\"accordion.default\">\n\t\t\t\t\t\t\t<div class=\"elementor-accordion\">\n\t\t\t\t\t\t\t<div class=\"elementor-accordion-item\">\n\t\t\t\t\t<div id=\"elementor-tab-title-2561\" class=\"elementor-tab-title\" data-tab=\"1\" role=\"button\" aria-controls=\"elementor-tab-content-2561\" aria-expanded=\"false\">\n\t\t\t\t\t\t\t\t\t\t\t\t\t<span class=\"elementor-accordion-icon elementor-accordion-icon-left\" aria-hidden=\"true\">\n\t\t\t\t\t\t\t\t\t\t\t\t\t\t\t<span class=\"elementor-accordion-icon-closed\"><i class=\"fas fa-chevron-down\"><\/i><\/span>\n\t\t\t\t\t\t\t\t<span class=\"elementor-accordion-icon-opened\"><i class=\"fas fa-chevron-up\"><\/i><\/span>\n\t\t\t\t\t\t\t\t\t\t\t\t\t\t<\/span>\n\t\t\t\t\t\t\t\t\t\t\t\t<a class=\"elementor-accordion-title\" tabindex=\"0\">By car<\/a>\n\t\t\t\t\t<\/div>\n\t\t\t\t\t<div id=\"elementor-tab-content-2561\" class=\"elementor-tab-content elementor-clearfix\" data-tab=\"1\" role=\"region\" aria-labelledby=\"elementor-tab-title-2561\"><div class=\"list\">\n<p>The best way to reach our office is by far from<\/p>\n<ul>\n<li>Coming from the north (from Berlin via the A 13\/E 55 motorway), take the Dresden Hellerau exit and follow the B 170 (Radeburgerstra\u00dfe, Hansestra\u00dfe, Gro\u00dfe Mei\u00dfnerstra\u00dfe) in the direction of Dresden-Hellerau\/Dresden-Zentrum. Then cross the Augustusbr\u00fccke bridge on the right, continue on Sophienstra\u00dfe and after about 350m turn left onto Kleine Br\u00fcdergasse. <\/li>\n<li>Coming from the east (from the direction of Bautzen\/G\u00f6rlitz\/Breslau via the A 4\/E 40 motorway), the Dresden-Hellerau exit is the first exit after the Dresden Airport exit.<\/li>\n<li>From the northwest (from the direction of Halle\/Leipzig via BAB A 14)<\/li>\n<li>From the west (from the direction of Frankfurt am Main\/Erfurt\/Chemnitz via the A 4\/E 40 motorway) and<\/li>\n<li>From the southwest (from Nuremberg\/Hof\/Chemnitz via BAB A 9 &#8211; A 72\/E 441 &#8211; A 4\/E 40) take the A4 exit 78-Dresden-Altstadt and follow the B6 towards the city centre (via Mei\u00dfner Landstra\u00dfe, Bremer Stra\u00dfe, Magdeburger Stra\u00dfe, Ostra-Allee). At the end of Ostra-Allee at Postplatz turn right onto Kleine Br\u00fcdergasse. <\/li>\n<li>From the south (from the direction of Tetschen\/Prague, via the completed A 17\/E 55 &#8211; A 4\/E 40 motorway) take exit 3-Dresden-S\u00fcdvorstadt on the A 17 and follow the B 170 towards the city centre (via Innsbrucker Stra\u00dfe, Bergstra\u00dfe, Wiener Platz, Annenstra\u00dfe, Ostra-Allee). At the end of Ostra-Allee at Postplatz turn right into Kleine Br\u00fcdergasse. <\/li>\n<\/ul>\n<\/div>\n<p>You can park directly at our building in the underground car park (entrance possible from Kleine Br\u00fcdergasse). We have a free exit ticket available for our visitors. <\/p>\n<p>Please do not use the lift directly in the underground car park. Instead, please leave the underground car park after parking (exit onto Kleine Br\u00fcdergasse) and use the main entrance back into the building on Kleine Br\u00fcdergasse 5 (also access to the restaurant &#8220;felix&#8221;). You will find our offices there on the 3rd floor.  <\/p>\n<\/div>\n\t\t\t\t<\/div>\n\t\t\t\t\t\t\t<div class=\"elementor-accordion-item\">\n\t\t\t\t\t<div id=\"elementor-tab-title-2562\" class=\"elementor-tab-title\" data-tab=\"2\" role=\"button\" aria-controls=\"elementor-tab-content-2562\" aria-expanded=\"false\">\n\t\t\t\t\t\t\t\t\t\t\t\t\t<span class=\"elementor-accordion-icon elementor-accordion-icon-left\" aria-hidden=\"true\">\n\t\t\t\t\t\t\t\t\t\t\t\t\t\t\t<span class=\"elementor-accordion-icon-closed\"><i class=\"fas fa-chevron-down\"><\/i><\/span>\n\t\t\t\t\t\t\t\t<span class=\"elementor-accordion-icon-opened\"><i class=\"fas fa-chevron-up\"><\/i><\/span>\n\t\t\t\t\t\t\t\t\t\t\t\t\t\t<\/span>\n\t\t\t\t\t\t\t\t\t\t\t\t<a class=\"elementor-accordion-title\" tabindex=\"0\">By train<\/a>\n\t\t\t\t\t<\/div>\n\t\t\t\t\t<div id=\"elementor-tab-content-2562\" class=\"elementor-tab-content elementor-clearfix\" data-tab=\"2\" role=\"region\" aria-labelledby=\"elementor-tab-title-2562\"><p>Take the train to Dresden main station and leave in the direction of Hauptbahnhof Nord. At the station forecourt, take tram number 11 in the direction of &#8220;B\u00fchlau&#8221;. Get off at the stop &#8220;Dresden Postplatz&#8221; and keep left after getting off. Cross Wilsdruffer Stra\u00dfe in the direction of Postplatz, keeping to the right on the curved road until you reach the second entrance on the right. This is Kleine Br\u00fcdergasse. Our building entrance is just before the end of the street on your right.     <\/p>\n<\/div>\n\t\t\t\t<\/div>\n\t\t\t\t\t\t\t\t<\/div>\n\t\t\t\t\t\t<\/div>\n\t\t\t\t<div class=\"elementor-element elementor-element-74da892 elementor-widget elementor-widget-spacer\" data-id=\"74da892\" data-element_type=\"widget\" data-e-type=\"widget\" data-widget_type=\"spacer.default\">\n\t\t\t\t\t\t\t<div class=\"elementor-spacer\">\n\t\t\t<div class=\"elementor-spacer-inner\"><\/div>\n\t\t<\/div>\n\t\t\t\t\t\t<\/div>\n\t\t\t\t\t<\/div>\n\t\t<\/div>\n\t\t\t\t\t<\/div>\n\t\t<\/section>\n\t\t\t\t<\/div>\n\t\t","protected":false},"excerpt":{"rendered":"<p>Directions Address. Kleine Br\u00fcdergasse 3-501067 DresdenDeutschlandPhone.: +49 351 56 39 0 0Fax: +49 351 563 90 99info@battke-gruenberg.de How to find us. The office is centrally located between Postplatz and Kempinski Hotel in Kleine Br\u00fcdergasse 3-5, 01067 Dresden. We welcome our clients at entrance number 5. Clients arriving by car are kindly requested to use the [&hellip;]<\/p>\n","protected":false},"author":4,"featured_media":0,"parent":0,"menu_order":0,"comment_status":"closed","ping_status":"closed","template":"","meta":{"inline_featured_image":false,"footnotes":""},"folder":[],"class_list":["post-6596","page","type-page","status-publish","hentry"],"_links":{"self":[{"href":"https:\/\/battke-gruenberg.de\/en\/wp-json\/wp\/v2\/pages\/6596","targetHints":{"allow":["GET"]}}],"collection":[{"href":"https:\/\/battke-gruenberg.de\/en\/wp-json\/wp\/v2\/pages"}],"about":[{"href":"https:\/\/battke-gruenberg.de\/en\/wp-json\/wp\/v2\/types\/page"}],"author":[{"embeddable":true,"href":"https:\/\/battke-gruenberg.de\/en\/wp-json\/wp\/v2\/users\/4"}],"replies":[{"embeddable":true,"href":"https:\/\/battke-gruenberg.de\/en\/wp-json\/wp\/v2\/comments?post=6596"}],"version-history":[{"count":0,"href":"https:\/\/battke-gruenberg.de\/en\/wp-json\/wp\/v2\/pages\/6596\/revisions"}],"wp:attachment":[{"href":"https:\/\/battke-gruenberg.de\/en\/wp-json\/wp\/v2\/media?parent=6596"}],"wp:term":[{"taxonomy":"folder","embeddable":true,"href":"https:\/\/battke-gruenberg.de\/en\/wp-json\/wp\/v2\/folder?post=6596"}],"curies":[{"name":"wp","href":"https:\/\/api.w.org\/{rel}","templated":true}]}}