{"id":6578,"date":"2023-06-20T10:38:12","date_gmt":"2023-06-20T08:38:12","guid":{"rendered":"https:\/\/battke-gruenberg.de\/law-firm\/"},"modified":"2023-08-23T23:42:53","modified_gmt":"2023-08-23T21:42:53","slug":"law-firm","status":"publish","type":"page","link":"https:\/\/battke-gruenberg.de\/en\/law-firm\/","title":{"rendered":"Law firm"},"content":{"rendered":"\t\t<div data-elementor-type=\"wp-page\" data-elementor-id=\"6578\" class=\"elementor elementor-6578 elementor-788\" data-elementor-post-type=\"page\">\n\t\t\t\t\t\t<section class=\"elementor-section elementor-top-section elementor-element elementor-element-2f8aa30 elementor-section-boxed elementor-section-height-default elementor-section-height-default\" data-id=\"2f8aa30\" data-element_type=\"section\" data-e-type=\"section\" data-settings=\"{&quot;jet_parallax_layout_list&quot;:[],&quot;background_background&quot;:&quot;classic&quot;}\">\n\t\t\t\t\t\t<div class=\"elementor-container elementor-column-gap-default\">\n\t\t\t\t\t<div class=\"elementor-column elementor-col-100 elementor-top-column elementor-element elementor-element-d15a028\" data-id=\"d15a028\" data-element_type=\"column\" data-e-type=\"column\">\n\t\t\t<div class=\"elementor-widget-wrap elementor-element-populated\">\n\t\t\t\t\t\t<div class=\"elementor-element elementor-element-52e07f5 elementor-widget-divider--view-line elementor-widget elementor-widget-divider\" data-id=\"52e07f5\" data-element_type=\"widget\" data-e-type=\"widget\" data-widget_type=\"divider.default\">\n\t\t\t\t\t\t\t<div class=\"elementor-divider\">\n\t\t\t<span class=\"elementor-divider-separator\">\n\t\t\t\t\t\t<\/span>\n\t\t<\/div>\n\t\t\t\t\t\t<\/div>\n\t\t\t\t\t<\/div>\n\t\t<\/div>\n\t\t\t\t\t<\/div>\n\t\t<\/section>\n\t\t\t\t<section class=\"elementor-section elementor-top-section elementor-element elementor-element-cd4f01c elementor-section-boxed elementor-section-height-default elementor-section-height-default\" data-id=\"cd4f01c\" data-element_type=\"section\" data-e-type=\"section\" data-settings=\"{&quot;jet_parallax_layout_list&quot;:[]}\">\n\t\t\t\t\t\t<div class=\"elementor-container elementor-column-gap-default\">\n\t\t\t\t\t<div class=\"elementor-column elementor-col-100 elementor-top-column elementor-element elementor-element-7779ca4\" data-id=\"7779ca4\" data-element_type=\"column\" data-e-type=\"column\">\n\t\t\t<div class=\"elementor-widget-wrap elementor-element-populated\">\n\t\t\t\t\t\t<div class=\"elementor-element elementor-element-f603959 elementor-widget elementor-widget-heading\" data-id=\"f603959\" data-element_type=\"widget\" data-e-type=\"widget\" data-widget_type=\"heading.default\">\n\t\t\t\t\t<h1 class=\"elementor-heading-title elementor-size-default\">Battke Gr\u00fcnberg - Partner for business and the public sector.<\/h1>\t\t\t\t<\/div>\n\t\t\t\t<div class=\"elementor-element elementor-element-cb96ca5 elementor-widget elementor-widget-text-editor\" data-id=\"cb96ca5\" data-element_type=\"widget\" data-e-type=\"widget\" data-widget_type=\"text-editor.default\">\n\t\t\t\t\t\t\t\t\t<p>Battke Gr\u00fcnberg was founded in Dresden in 2004 and is now <strong>one of the largest commercial law firms in Central Germany<\/strong>. The expertise of the <a href=\"https:\/\/battke-gruenberg.de\/expertise\/\">20 lawyers<\/a> in the firm is underpinned by a total of 12 specialist lawyers&#8217; titles, covering all relevant specialist areas from employment law to administrative law. <\/p>\n<p>Battke Gr\u00fcnberg&#8217;s advisory focus is primarily on <strong>commercial enterprises<\/strong>, <strong>public bodies<\/strong> and <strong>privatised companies<\/strong> or players in the social economy. This results in a variety of very different mandates, which nevertheless have one thing in common: Every legal consultation always has the economic aspects in mind. <\/p>\n\t\t\t\t\t\t\t\t<\/div>\n\t\t\t\t<div class=\"elementor-element elementor-element-44e9b29 elementor-widget elementor-widget-heading\" data-id=\"44e9b29\" data-element_type=\"widget\" data-e-type=\"widget\" data-widget_type=\"heading.default\">\n\t\t\t\t\t<h2 class=\"elementor-heading-title elementor-size-default\">FOUR PRINCIPLES have proven to be the guiding principles of the firm's work from the very beginning:<\/h2>\t\t\t\t<\/div>\n\t\t\t\t<div class=\"elementor-element elementor-element-2908890 elementor-widget elementor-widget-text-editor\" data-id=\"2908890\" data-element_type=\"widget\" data-e-type=\"widget\" data-widget_type=\"text-editor.default\">\n\t\t\t\t\t\t\t\t\t<p><strong>Think continuity.<\/strong> Trust needs reliability and that starts with the people acting. Therefore, clients of Battke Gr\u00fcnberg rarely have to adjust to new contact persons or follow constantly changing strategies. As a result, personalised business relationships with a long-term consulting turnover have become a &#8220;trademark&#8221; of the firm, which creates trust even in times of crisis.  <\/p>\n<p><strong>Giving clarity.<\/strong> An outside view can change the perspective. That is why lawyers occasionally also see themselves as &#8220;sparring partners&#8221; for their clients and thus offer a new perspective. In this way, the unbiased view from the outside can become the first step towards a solution. The rest of the way is teamwork &#8211; in the office and with the client. If the client knows all the legal options, he can also make the right decisions. With a clear view of the future.     <\/p>\n<p><strong>Living competence.<\/strong> Clients of Battke Gr\u00fcnberg expect more than just trust from their legal advice. That is why the competence and specialisation of the lawyers are of outstanding importance to the firm. An above-average number of specialist lawyers make Battke Gr\u00fcnberg a sought-after partner even for complex legal challenges. Because for some clients, failure is simply not an option.   <\/p>\n<p><strong>Maintain communication.<\/strong> A good counsellor often has a lot to say, but almost more important: he must be able to listen! Firstly, because every solution requires an understanding of the problem. For that, you have to understand the language of business and the world of your clients. Secondly, good listeners are at their best when the law alone is not enough to resolve a conflict. Then understanding and negotiation help. At eye level.     <\/p>\n<p>Gef\u00fchrt wird die Kanzlei mit ihren mehr als 20 Juristen vom Gr\u00fcndungspartner J\u00f6rg-Dieter Battke und sechs weiteren Partnern: Dr. Ekkehard Nolting, Dr. Andrea Benkendorff, Frank Martin Thomsen, Dr. Ludger Meuten, Karsten Matthie\u00df und Dr. Daniel Sch\u00f6neich.<\/p>\n\t\t\t\t\t\t\t\t<\/div>\n\t\t\t\t\t<\/div>\n\t\t<\/div>\n\t\t\t\t\t<\/div>\n\t\t<\/section>\n\t\t\t\t<\/div>\n\t\t","protected":false},"excerpt":{"rendered":"<p>Battke Gr\u00fcnberg &#8211; Partner for business and the public sector. Battke Gr\u00fcnberg was founded in Dresden in 2004 and is now one of the largest commercial law firms in Central Germany. The expertise of the 20 lawyers in the firm is underpinned by a total of 12 specialist lawyers&#8217; titles, covering all relevant specialist areas [&hellip;]<\/p>\n","protected":false},"author":4,"featured_media":0,"parent":0,"menu_order":0,"comment_status":"closed","ping_status":"closed","template":"","meta":{"inline_featured_image":false,"footnotes":""},"folder":[],"class_list":["post-6578","page","type-page","status-publish","hentry"],"_links":{"self":[{"href":"https:\/\/battke-gruenberg.de\/en\/wp-json\/wp\/v2\/pages\/6578","targetHints":{"allow":["GET"]}}],"collection":[{"href":"https:\/\/battke-gruenberg.de\/en\/wp-json\/wp\/v2\/pages"}],"about":[{"href":"https:\/\/battke-gruenberg.de\/en\/wp-json\/wp\/v2\/types\/page"}],"author":[{"embeddable":true,"href":"https:\/\/battke-gruenberg.de\/en\/wp-json\/wp\/v2\/users\/4"}],"replies":[{"embeddable":true,"href":"https:\/\/battke-gruenberg.de\/en\/wp-json\/wp\/v2\/comments?post=6578"}],"version-history":[{"count":0,"href":"https:\/\/battke-gruenberg.de\/en\/wp-json\/wp\/v2\/pages\/6578\/revisions"}],"wp:attachment":[{"href":"https:\/\/battke-gruenberg.de\/en\/wp-json\/wp\/v2\/media?parent=6578"}],"wp:term":[{"taxonomy":"folder","embeddable":true,"href":"https:\/\/battke-gruenberg.de\/en\/wp-json\/wp\/v2\/folder?post=6578"}],"curies":[{"name":"wp","href":"https:\/\/api.w.org\/{rel}","templated":true}]}}