{"id":6564,"date":"2023-06-21T13:14:53","date_gmt":"2023-06-21T11:14:53","guid":{"rendered":"https:\/\/battke-gruenberg.de\/trainees-interns-research-assistants-doctoral-candidates\/"},"modified":"2023-08-23T23:39:05","modified_gmt":"2023-08-23T21:39:05","slug":"trainees-interns-research-assistants-doctoral-candidates","status":"publish","type":"page","link":"https:\/\/battke-gruenberg.de\/en\/trainees-interns-research-assistants-doctoral-candidates\/","title":{"rendered":"Trainees \/ interns \/ research assistants \/ doctoral candidates"},"content":{"rendered":"\t\t<div data-elementor-type=\"wp-page\" data-elementor-id=\"6564\" class=\"elementor elementor-6564 elementor-1175\" data-elementor-post-type=\"page\">\n\t\t\t\t\t\t<section class=\"elementor-section elementor-top-section elementor-element elementor-element-0483149 elementor-section-full_width elementor-section-height-default elementor-section-height-default\" data-id=\"0483149\" data-element_type=\"section\" data-e-type=\"section\" data-settings=\"{&quot;jet_parallax_layout_list&quot;:[]}\">\n\t\t\t\t\t\t<div class=\"elementor-container elementor-column-gap-default\">\n\t\t\t\t\t<div class=\"elementor-column elementor-col-100 elementor-top-column elementor-element elementor-element-764555f\" data-id=\"764555f\" data-element_type=\"column\" data-e-type=\"column\">\n\t\t\t<div class=\"elementor-widget-wrap elementor-element-populated\">\n\t\t\t\t\t\t<div class=\"elementor-element elementor-element-8de6733 elementor-widget elementor-widget-image\" data-id=\"8de6733\" data-element_type=\"widget\" data-e-type=\"widget\" data-widget_type=\"image.default\">\n\t\t\t\t\t\t\t\t\t\t\t\t\t\t\t<img fetchpriority=\"high\" decoding=\"async\" width=\"1920\" height=\"720\" src=\"data:image\/gif;base64,R0lGODlhAQABAAAAACH5BAEKAAEALAAAAAABAAEAAAICTAEAOw==\" class=\"attachment-full size-full wp-image-3304 lazyload\" alt=\"Zwei Rechtsanw\u00e4lte von Battke Gr\u00fcnberg gehen eine Treppe hinauf.\" sizes=\"(max-width: 1920px) 100vw, 1920px\" title=\"\" data-src=\"https:\/\/battke-gruenberg.de\/wp-content\/uploads\/2023\/06\/Battke_Karriere_04_1920x720.png\" data-srcset=\"https:\/\/battke-gruenberg.de\/wp-content\/uploads\/2023\/06\/Battke_Karriere_04_1920x720.png 1920w, https:\/\/battke-gruenberg.de\/wp-content\/uploads\/2023\/06\/Battke_Karriere_04_1920x720-300x113.png 300w, https:\/\/battke-gruenberg.de\/wp-content\/uploads\/2023\/06\/Battke_Karriere_04_1920x720-1024x384.png 1024w, https:\/\/battke-gruenberg.de\/wp-content\/uploads\/2023\/06\/Battke_Karriere_04_1920x720-768x288.png 768w, https:\/\/battke-gruenberg.de\/wp-content\/uploads\/2023\/06\/Battke_Karriere_04_1920x720-1536x576.png 1536w\">\t\t\t\t\t\t\t\t\t\t\t\t\t\t\t<\/div>\n\t\t\t\t\t<\/div>\n\t\t<\/div>\n\t\t\t\t\t<\/div>\n\t\t<\/section>\n\t\t\t\t<section class=\"elementor-section elementor-top-section elementor-element elementor-element-9809dfd elementor-section-boxed elementor-section-height-default elementor-section-height-default\" data-id=\"9809dfd\" data-element_type=\"section\" data-e-type=\"section\" data-settings=\"{&quot;jet_parallax_layout_list&quot;:[]}\">\n\t\t\t\t\t\t<div class=\"elementor-container elementor-column-gap-default\">\n\t\t\t\t\t<div class=\"elementor-column elementor-col-50 elementor-top-column elementor-element elementor-element-a114765\" data-id=\"a114765\" data-element_type=\"column\" data-e-type=\"column\">\n\t\t\t<div class=\"elementor-widget-wrap elementor-element-populated\">\n\t\t\t\t\t\t<div class=\"elementor-element elementor-element-e4560fb elementor-widget elementor-widget-heading\" data-id=\"e4560fb\" data-element_type=\"widget\" data-e-type=\"widget\" data-widget_type=\"heading.default\">\n\t\t\t\t\t<h1 class=\"elementor-heading-title elementor-size-default\">Young lawyers welcome!<\/h1>\t\t\t\t<\/div>\n\t\t\t\t<div class=\"elementor-element elementor-element-8a4ab79 elementor-widget elementor-widget-text-editor\" data-id=\"8a4ab79\" data-element_type=\"widget\" data-e-type=\"widget\" data-widget_type=\"text-editor.default\">\n\t\t\t\t\t\t\t\t\t<p>Are you one of the best in your year and enthusiastic about the content of the legal profession? Do you strive for practical relevance and think ahead? Then Battke Gr\u00fcnberg offers you the chance to get to know the project-shaping and project-supporting work of a commercial lawyer.<\/p>\n<p>The firm offers you all the advantages of a large local commercial law firm: You will receive a sound education with individual support and plenty of room for collegial exchange. In a highly motivated environment, you will gain direct insight into the work of a commercial lawyer. Depending on your interests and training focus, you can work and learn in various areas of law. You will receive individual support during your work. We will also show you possible perspectives for a career at Battke Gr\u00fcnberg.<\/p>\n<p>Our requirements: above-average academic performance and a good command of English.<\/p>\n<p>Are you interested? Then take a look at the positions we are currently offering:<\/p>\n\t\t\t\t\t\t\t\t<\/div>\n\t\t\t\t<div class=\"elementor-element elementor-element-530698e elementor-widget elementor-widget-heading\" data-id=\"530698e\" data-element_type=\"widget\" data-e-type=\"widget\" data-widget_type=\"heading.default\">\n\t\t\t\t\t<h2 class=\"elementor-heading-title elementor-size-default\">Current vacancies<\/h2>\t\t\t\t<\/div>\n\t\t\t\t<div class=\"elementor-element elementor-element-a54dfa1 elementor-widget elementor-widget-accordion\" data-id=\"a54dfa1\" data-element_type=\"widget\" data-e-type=\"widget\" data-widget_type=\"accordion.default\">\n\t\t\t\t\t\t\t<div class=\"elementor-accordion\">\n\t\t\t\t\t\t\t<div class=\"elementor-accordion-item\">\n\t\t\t\t\t<div id=\"elementor-tab-title-1731\" class=\"elementor-tab-title\" data-tab=\"1\" role=\"button\" aria-controls=\"elementor-tab-content-1731\" aria-expanded=\"false\">\n\t\t\t\t\t\t\t\t\t\t\t\t\t<span class=\"elementor-accordion-icon elementor-accordion-icon-left\" aria-hidden=\"true\">\n\t\t\t\t\t\t\t\t\t\t\t\t\t\t\t<span class=\"elementor-accordion-icon-closed\"><i class=\"fas fa-chevron-down\"><\/i><\/span>\n\t\t\t\t\t\t\t\t<span class=\"elementor-accordion-icon-opened\"><i class=\"fas fa-chevron-up\"><\/i><\/span>\n\t\t\t\t\t\t\t\t\t\t\t\t\t\t<\/span>\n\t\t\t\t\t\t\t\t\t\t\t\t<a class=\"elementor-accordion-title\" tabindex=\"0\">Trainees (m\/f\/d) and interns (m\/f\/d)<\/a>\n\t\t\t\t\t<\/div>\n\t\t\t\t\t<div id=\"elementor-tab-content-1731\" class=\"elementor-tab-content elementor-clearfix\" data-tab=\"1\" role=\"region\" aria-labelledby=\"elementor-tab-title-1731\"><p>We are looking for qualified trainees (m\/f\/d) as well as interns (m\/f\/d) with a first state examination to work with us and for ward training. We also offer models for doctoral supervision. <\/p>\n<p>Are you one of the best in your year and enthusiastic about the content of the legal profession? Do you strive for practical relevance and think ahead? If so, we offer you the opportunity to get to know another side of the legal profession &#8211; project-creating and project-supporting work &#8211; in addition to traditional forensic practice.  <\/p>\n<p>With us you will enjoy all the advantages of a large local commercial law firm. You will receive a sound education with individual support and plenty of room for collegial exchange. In a highly motivated environment, you will gain direct insight into the work of a commercial lawyer. Depending on your interests and training focus, you can work and learn in various areas of law. During your employment, you will be individually supervised by a mentor, who will also show you possible perspectives for a career at Battke Gr\u00fcnberg Rechtsanw\u00e4lte.    <\/p>\n<p>We are looking for high-performing personalities who enjoy working in our teams in an entrepreneurial and independent manner. We attach great importance to social competence. <\/p>\n<p>Against this background, we expect you to have above-average academic achievements and a very good command of English.<\/p>\n<p>Are you interested? Then take a look at the positions we are currently offering: <a href=\"https:\/\/test2021.battke-gruenberg.de\/karriere\/karriere-aktuelle-stellenangebote\/\">Current vacancies<\/a> or feel free to send your complete application documents (cover letter, CV and references) by e-mail, via our application form or by post to: <\/p>\n<p>Battke Gr\u00fcnberg Rechtsanw\u00e4lte PartGmbB<br \/>Kleine Br\u00fcdergasse 3\u20135<br \/>01067 Dresden<\/p>\n<\/div>\n\t\t\t\t<\/div>\n\t\t\t\t\t\t\t\t<\/div>\n\t\t\t\t\t\t<\/div>\n\t\t\t\t<div class=\"elementor-element elementor-element-8bb308a elementor-mobile-align-center elementor-widget__width-initial btn elementor-widget elementor-widget-button\" data-id=\"8bb308a\" data-element_type=\"widget\" data-e-type=\"widget\" data-widget_type=\"button.default\">\n\t\t\t\t\t\t\t\t\t\t<a class=\"elementor-button elementor-button-link elementor-size-sm\" href=\"https:\/\/battke-gruenberg.de\/bewerbungsformular\/\">\n\t\t\t\t\t\t<span class=\"elementor-button-content-wrapper\">\n\t\t\t\t\t\t\t\t\t<span class=\"elementor-button-text\">APPLICATION FORM<\/span>\n\t\t\t\t\t<\/span>\n\t\t\t\t\t<\/a>\n\t\t\t\t\t\t\t\t<\/div>\n\t\t\t\t\t<\/div>\n\t\t<\/div>\n\t\t\t\t<div class=\"elementor-column elementor-col-50 elementor-top-column elementor-element elementor-element-a22c4d9\" data-id=\"a22c4d9\" data-element_type=\"column\" data-e-type=\"column\">\n\t\t\t<div class=\"elementor-widget-wrap elementor-element-populated\">\n\t\t\t\t\t\t<div class=\"elementor-element elementor-element-4c7fce9 elementor-hidden-tablet elementor-hidden-mobile elementor-widget elementor-widget-spacer\" data-id=\"4c7fce9\" data-element_type=\"widget\" data-e-type=\"widget\" data-widget_type=\"spacer.default\">\n\t\t\t\t\t\t\t<div class=\"elementor-spacer\">\n\t\t\t<div class=\"elementor-spacer-inner\"><\/div>\n\t\t<\/div>\n\t\t\t\t\t\t<\/div>\n\t\t\t\t<div class=\"elementor-element elementor-element-7a7344c elementor-align-start e-transform elementor-icon-list--layout-traditional elementor-list-item-link-full_width elementor-widget elementor-widget-icon-list\" data-id=\"7a7344c\" data-element_type=\"widget\" data-e-type=\"widget\" data-settings=\"{&quot;_transform_translateX_effect&quot;:{&quot;unit&quot;:&quot;px&quot;,&quot;size&quot;:0,&quot;sizes&quot;:[]},&quot;_transform_translateX_effect_laptop&quot;:{&quot;unit&quot;:&quot;px&quot;,&quot;size&quot;:&quot;&quot;,&quot;sizes&quot;:[]},&quot;_transform_translateX_effect_tablet&quot;:{&quot;unit&quot;:&quot;px&quot;,&quot;size&quot;:&quot;&quot;,&quot;sizes&quot;:[]},&quot;_transform_translateX_effect_mobile&quot;:{&quot;unit&quot;:&quot;px&quot;,&quot;size&quot;:&quot;&quot;,&quot;sizes&quot;:[]},&quot;_transform_translateY_effect&quot;:{&quot;unit&quot;:&quot;px&quot;,&quot;size&quot;:&quot;&quot;,&quot;sizes&quot;:[]},&quot;_transform_translateY_effect_laptop&quot;:{&quot;unit&quot;:&quot;px&quot;,&quot;size&quot;:&quot;&quot;,&quot;sizes&quot;:[]},&quot;_transform_translateY_effect_tablet&quot;:{&quot;unit&quot;:&quot;px&quot;,&quot;size&quot;:&quot;&quot;,&quot;sizes&quot;:[]},&quot;_transform_translateY_effect_mobile&quot;:{&quot;unit&quot;:&quot;px&quot;,&quot;size&quot;:&quot;&quot;,&quot;sizes&quot;:[]}}\" data-widget_type=\"icon-list.default\">\n\t\t\t\t\t\t\t<ul class=\"elementor-icon-list-items\">\n\t\t\t\t\t\t\t<li class=\"elementor-icon-list-item\">\n\t\t\t\t\t\t\t\t\t\t\t<a href=\"https:\/\/battke-gruenberg.de\/en\/lawyer-at-battke-gruenberg\/\">\n\n\t\t\t\t\t\t\t\t\t\t\t\t<span class=\"elementor-icon-list-icon\">\n\t\t\t\t\t\t\t<i aria-hidden=\"true\" class=\"fal fa-arrow-right\"><\/i>\t\t\t\t\t\t<\/span>\n\t\t\t\t\t\t\t\t\t\t<span class=\"elementor-icon-list-text\">Lawyer at Battke Gr\u00fcnberg<\/span>\n\t\t\t\t\t\t\t\t\t\t\t<\/a>\n\t\t\t\t\t\t\t\t\t<\/li>\n\t\t\t\t\t\t\t\t<li class=\"elementor-icon-list-item\">\n\t\t\t\t\t\t\t\t\t\t\t<a href=\"https:\/\/battke-gruenberg.de\/en\/secretaria-assistance\/\">\n\n\t\t\t\t\t\t\t\t\t\t\t\t<span class=\"elementor-icon-list-icon\">\n\t\t\t\t\t\t\t<i aria-hidden=\"true\" class=\"fal fa-arrow-right\"><\/i>\t\t\t\t\t\t<\/span>\n\t\t\t\t\t\t\t\t\t\t<span class=\"elementor-icon-list-text\">Secretariat \/ Assistance<\/span>\n\t\t\t\t\t\t\t\t\t\t\t<\/a>\n\t\t\t\t\t\t\t\t\t<\/li>\n\t\t\t\t\t\t<\/ul>\n\t\t\t\t\t\t<\/div>\n\t\t\t\t<div class=\"elementor-element elementor-element-851b305 elementor-widget elementor-widget-image\" data-id=\"851b305\" data-element_type=\"widget\" data-e-type=\"widget\" data-widget_type=\"image.default\">\n\t\t\t\t\t\t\t\t\t\t\t\t\t\t\t<img decoding=\"async\" width=\"623\" height=\"415\" src=\"data:image\/gif;base64,R0lGODlhAQABAAAAACH5BAEKAAEALAAAAAABAAEAAAICTAEAOw==\" class=\"attachment-large size-large wp-image-3454 lazyload\" alt=\"Juliane Pethke, Rechtsanw\u00e4ltin bei Battke Gr\u00fcnberg, steht in den Unternehmensr\u00e4umen.\" sizes=\"(max-width: 623px) 100vw, 623px\" title=\"\" data-src=\"https:\/\/battke-gruenberg.de\/wp-content\/uploads\/2023\/07\/BATTKE2021-005_TA909911_Pethke_Juliane-1-e1641462235444.jpg\" data-srcset=\"https:\/\/battke-gruenberg.de\/wp-content\/uploads\/2023\/07\/BATTKE2021-005_TA909911_Pethke_Juliane-1-e1641462235444.jpg 623w, https:\/\/battke-gruenberg.de\/wp-content\/uploads\/2023\/07\/BATTKE2021-005_TA909911_Pethke_Juliane-1-e1641462235444-300x200.jpg 300w\">\t\t\t\t\t\t\t\t\t\t\t\t\t\t\t<\/div>\n\t\t\t\t<section class=\"elementor-section elementor-inner-section elementor-element elementor-element-5f72fdc elementor-section-boxed elementor-section-height-default elementor-section-height-default\" data-id=\"5f72fdc\" data-element_type=\"section\" data-e-type=\"section\" data-settings=\"{&quot;jet_parallax_layout_list&quot;:[]}\">\n\t\t\t\t\t\t<div class=\"elementor-container elementor-column-gap-default\">\n\t\t\t\t\t<div class=\"elementor-column elementor-col-100 elementor-inner-column elementor-element elementor-element-455aaab\" data-id=\"455aaab\" data-element_type=\"column\" data-e-type=\"column\">\n\t\t\t<div class=\"elementor-widget-wrap elementor-element-populated\">\n\t\t\t\t\t\t<div class=\"elementor-element elementor-element-2a94061 elementor-widget elementor-widget-text-editor\" data-id=\"2a94061\" data-element_type=\"widget\" data-e-type=\"widget\" data-widget_type=\"text-editor.default\">\n\t\t\t\t\t\t\t\t\t<div class=\"name\">\n<div class=\"name\">Juliane Pethke<\/div>\n<div class=\"phone\">Phone: <a href=\"tel:+49%20351%20563%2090%2029\">+49 351 563 90 29<\/a><\/div>\n<div class=\"mail\"><a href=\"mailto:pethke@battke-gruenberg.de\">pethke@battke-gruenberg.de<\/a><\/div>\n<\/div>\n\t\t\t\t\t\t\t\t<\/div>\n\t\t\t\t\t<\/div>\n\t\t<\/div>\n\t\t\t\t\t<\/div>\n\t\t<\/section>\n\t\t\t\t<div class=\"elementor-element elementor-element-ea2813c elementor-widget elementor-widget-image\" data-id=\"ea2813c\" data-element_type=\"widget\" data-e-type=\"widget\" data-widget_type=\"image.default\">\n\t\t\t\t\t\t\t\t\t\t\t\t\t\t\t<img decoding=\"async\" width=\"800\" height=\"534\" src=\"data:image\/gif;base64,R0lGODlhAQABAAAAACH5BAEKAAEALAAAAAABAAEAAAICTAEAOw==\" class=\"attachment-large size-large wp-image-3295 lazyload\" alt=\"\" sizes=\"(max-width: 800px) 100vw, 800px\" title=\"\" data-src=\"https:\/\/battke-gruenberg.de\/wp-content\/uploads\/2023\/06\/BATTKE2021-005_TA902659_He\u251c\u0192_Kathleen-1-1024x683.jpg\" data-srcset=\"https:\/\/battke-gruenberg.de\/wp-content\/uploads\/2023\/06\/BATTKE2021-005_TA902659_He\u251c\u0192_Kathleen-1-1024x683.jpg 1024w, https:\/\/battke-gruenberg.de\/wp-content\/uploads\/2023\/06\/BATTKE2021-005_TA902659_He\u251c\u0192_Kathleen-1-300x200.jpg 300w, https:\/\/battke-gruenberg.de\/wp-content\/uploads\/2023\/06\/BATTKE2021-005_TA902659_He\u251c\u0192_Kathleen-1-768x512.jpg 768w, https:\/\/battke-gruenberg.de\/wp-content\/uploads\/2023\/06\/BATTKE2021-005_TA902659_He\u251c\u0192_Kathleen-1.jpg 1200w\">\t\t\t\t\t\t\t\t\t\t\t\t\t\t\t<\/div>\n\t\t\t\t<div class=\"elementor-element elementor-element-cf1477b elementor-widget elementor-widget-spacer\" data-id=\"cf1477b\" data-element_type=\"widget\" data-e-type=\"widget\" data-widget_type=\"spacer.default\">\n\t\t\t\t\t\t\t<div class=\"elementor-spacer\">\n\t\t\t<div class=\"elementor-spacer-inner\"><\/div>\n\t\t<\/div>\n\t\t\t\t\t\t<\/div>\n\t\t\t\t<section class=\"elementor-section elementor-inner-section elementor-element elementor-element-94c536a elementor-section-boxed elementor-section-height-default elementor-section-height-default\" data-id=\"94c536a\" data-element_type=\"section\" data-e-type=\"section\" data-settings=\"{&quot;jet_parallax_layout_list&quot;:[]}\">\n\t\t\t\t\t\t<div class=\"elementor-container elementor-column-gap-default\">\n\t\t\t\t\t<div class=\"elementor-column elementor-col-100 elementor-inner-column elementor-element elementor-element-3036473\" data-id=\"3036473\" data-element_type=\"column\" data-e-type=\"column\">\n\t\t\t<div class=\"elementor-widget-wrap elementor-element-populated\">\n\t\t\t\t\t\t<div class=\"elementor-element elementor-element-2f3cfe5 elementor-widget elementor-widget-text-editor\" data-id=\"2f3cfe5\" data-element_type=\"widget\" data-e-type=\"widget\" data-widget_type=\"text-editor.default\">\n\t\t\t\t\t\t\t\t\t<div class=\"name\">\n<div class=\"name\">Kathleen K\u00fcver<\/div>\n<div class=\"phone\">Phone: <a href=\"tel:+49%20351%20563%2090%2028\">+49 351 563 90 28<\/a><\/div>\n<div class=\"mail\"><a href=\"mailto:bewerbung@battke-gruenberg.de\">bewerbung@battke-gruenberg.de<\/a><\/div>\n<\/div>\n\t\t\t\t\t\t\t\t<\/div>\n\t\t\t\t\t<\/div>\n\t\t<\/div>\n\t\t\t\t\t<\/div>\n\t\t<\/section>\n\t\t\t\t\t<\/div>\n\t\t<\/div>\n\t\t\t\t\t<\/div>\n\t\t<\/section>\n\t\t\t\t<\/div>\n\t\t","protected":false},"excerpt":{"rendered":"<p>Young lawyers welcome! Are you one of the best in your year and enthusiastic about the content of the legal profession? Do you strive for practical relevance and think ahead? Then Battke Gr\u00fcnberg offers you the chance to get to know the project-shaping and project-supporting work of a commercial lawyer. The firm offers you all [&hellip;]<\/p>\n","protected":false},"author":4,"featured_media":0,"parent":0,"menu_order":0,"comment_status":"closed","ping_status":"closed","template":"","meta":{"inline_featured_image":false,"footnotes":""},"folder":[],"class_list":["post-6564","page","type-page","status-publish","hentry"],"_links":{"self":[{"href":"https:\/\/battke-gruenberg.de\/en\/wp-json\/wp\/v2\/pages\/6564","targetHints":{"allow":["GET"]}}],"collection":[{"href":"https:\/\/battke-gruenberg.de\/en\/wp-json\/wp\/v2\/pages"}],"about":[{"href":"https:\/\/battke-gruenberg.de\/en\/wp-json\/wp\/v2\/types\/page"}],"author":[{"embeddable":true,"href":"https:\/\/battke-gruenberg.de\/en\/wp-json\/wp\/v2\/users\/4"}],"replies":[{"embeddable":true,"href":"https:\/\/battke-gruenberg.de\/en\/wp-json\/wp\/v2\/comments?post=6564"}],"version-history":[{"count":0,"href":"https:\/\/battke-gruenberg.de\/en\/wp-json\/wp\/v2\/pages\/6564\/revisions"}],"wp:attachment":[{"href":"https:\/\/battke-gruenberg.de\/en\/wp-json\/wp\/v2\/media?parent=6564"}],"wp:term":[{"taxonomy":"folder","embeddable":true,"href":"https:\/\/battke-gruenberg.de\/en\/wp-json\/wp\/v2\/folder?post=6564"}],"curies":[{"name":"wp","href":"https:\/\/api.w.org\/{rel}","templated":true}]}}