{"id":6401,"date":"2023-06-21T13:20:19","date_gmt":"2023-06-21T11:20:19","guid":{"rendered":"https:\/\/battke-gruenberg.de\/secretaria-assistance\/"},"modified":"2023-08-23T23:39:05","modified_gmt":"2023-08-23T21:39:05","slug":"secretaria-assistance","status":"publish","type":"page","link":"https:\/\/battke-gruenberg.de\/en\/secretaria-assistance\/","title":{"rendered":"Secretaria Assistance"},"content":{"rendered":"\t\t<div data-elementor-type=\"wp-page\" data-elementor-id=\"6401\" class=\"elementor elementor-6401 elementor-1180\" data-elementor-post-type=\"page\">\n\t\t\t\t\t\t<section class=\"elementor-section elementor-top-section elementor-element elementor-element-0483149 elementor-section-full_width elementor-section-height-default elementor-section-height-default\" data-id=\"0483149\" data-element_type=\"section\" data-e-type=\"section\" data-settings=\"{&quot;jet_parallax_layout_list&quot;:[]}\">\n\t\t\t\t\t\t<div class=\"elementor-container elementor-column-gap-default\">\n\t\t\t\t\t<div class=\"elementor-column elementor-col-100 elementor-top-column elementor-element elementor-element-764555f\" data-id=\"764555f\" data-element_type=\"column\" data-e-type=\"column\">\n\t\t\t<div class=\"elementor-widget-wrap elementor-element-populated\">\n\t\t\t\t\t\t<div class=\"elementor-element elementor-element-8de6733 elementor-widget elementor-widget-image\" data-id=\"8de6733\" data-element_type=\"widget\" data-e-type=\"widget\" data-widget_type=\"image.default\">\n\t\t\t\t\t\t\t\t\t\t\t\t\t\t\t<img fetchpriority=\"high\" decoding=\"async\" width=\"1920\" height=\"720\" src=\"data:image\/gif;base64,R0lGODlhAQABAAAAACH5BAEKAAEALAAAAAABAAEAAAICTAEAOw==\" class=\"attachment-full size-full wp-image-3305 lazyload\" alt=\"Rechtsanwaltsfachangestellte bei Battke Gr\u00fcnberg in Dresden sitzt an ihrem Arbeitsplatz.\" sizes=\"(max-width: 1920px) 100vw, 1920px\" title=\"\" data-src=\"https:\/\/battke-gruenberg.de\/wp-content\/uploads\/2023\/06\/Battke_Karriere_05_1920x720.png\" data-srcset=\"https:\/\/battke-gruenberg.de\/wp-content\/uploads\/2023\/06\/Battke_Karriere_05_1920x720.png 1920w, https:\/\/battke-gruenberg.de\/wp-content\/uploads\/2023\/06\/Battke_Karriere_05_1920x720-300x113.png 300w, https:\/\/battke-gruenberg.de\/wp-content\/uploads\/2023\/06\/Battke_Karriere_05_1920x720-1024x384.png 1024w, https:\/\/battke-gruenberg.de\/wp-content\/uploads\/2023\/06\/Battke_Karriere_05_1920x720-768x288.png 768w, https:\/\/battke-gruenberg.de\/wp-content\/uploads\/2023\/06\/Battke_Karriere_05_1920x720-1536x576.png 1536w\">\t\t\t\t\t\t\t\t\t\t\t\t\t\t\t<\/div>\n\t\t\t\t\t<\/div>\n\t\t<\/div>\n\t\t\t\t\t<\/div>\n\t\t<\/section>\n\t\t\t\t<section class=\"elementor-section elementor-top-section elementor-element elementor-element-9809dfd elementor-section-boxed elementor-section-height-default elementor-section-height-default\" data-id=\"9809dfd\" data-element_type=\"section\" data-e-type=\"section\" data-settings=\"{&quot;jet_parallax_layout_list&quot;:[]}\">\n\t\t\t\t\t\t<div class=\"elementor-container elementor-column-gap-default\">\n\t\t\t\t\t<div class=\"elementor-column elementor-col-50 elementor-top-column elementor-element elementor-element-a114765\" data-id=\"a114765\" data-element_type=\"column\" data-e-type=\"column\">\n\t\t\t<div class=\"elementor-widget-wrap elementor-element-populated\">\n\t\t\t\t\t\t<div class=\"elementor-element elementor-element-e4560fb elementor-widget elementor-widget-heading\" data-id=\"e4560fb\" data-element_type=\"widget\" data-e-type=\"widget\" data-widget_type=\"heading.default\">\n\t\t\t\t\t<h1 class=\"elementor-heading-title elementor-size-default\">Excellence in every area.<\/h1>\t\t\t\t<\/div>\n\t\t\t\t<div class=\"elementor-element elementor-element-8a4ab79 elementor-widget elementor-widget-text-editor\" data-id=\"8a4ab79\" data-element_type=\"widget\" data-e-type=\"widget\" data-widget_type=\"text-editor.default\">\n\t\t\t\t\t\t\t\t\t<p>The firm&#8217;s high standards of client service extend far beyond legal matters. Therefore, excellent support from dedicated secretarial and assistant staff is essential. At Battke Gr\u00fcnberg, you will work as part of a team and manage the department of a lawyer or team of lawyers &#8211; depending on the arrangement of your working hours.<\/p>\n<p>Modern technology and software typical for law firms are standard at Battke Gr\u00fcnberg. So is the opportunity for further training through internal or external courses on a wide range of topics related to your profession.<\/p>\n<p>Are you interested? Then take a look at the positions we are currently offering:<\/p>\n\t\t\t\t\t\t\t\t<\/div>\n\t\t\t\t<div class=\"elementor-element elementor-element-530698e elementor-widget elementor-widget-heading\" data-id=\"530698e\" data-element_type=\"widget\" data-e-type=\"widget\" data-widget_type=\"heading.default\">\n\t\t\t\t\t<h2 class=\"elementor-heading-title elementor-size-default\">Current vacancies<\/h2>\t\t\t\t<\/div>\n\t\t\t\t<div class=\"elementor-element elementor-element-a54dfa1 elementor-widget elementor-widget-accordion\" data-id=\"a54dfa1\" data-element_type=\"widget\" data-e-type=\"widget\" data-widget_type=\"accordion.default\">\n\t\t\t\t\t\t\t<div class=\"elementor-accordion\">\n\t\t\t\t\t\t\t<div class=\"elementor-accordion-item\">\n\t\t\t\t\t<div id=\"elementor-tab-title-1731\" class=\"elementor-tab-title\" data-tab=\"1\" role=\"button\" aria-controls=\"elementor-tab-content-1731\" aria-expanded=\"false\">\n\t\t\t\t\t\t\t\t\t\t\t\t\t<span class=\"elementor-accordion-icon elementor-accordion-icon-left\" aria-hidden=\"true\">\n\t\t\t\t\t\t\t\t\t\t\t\t\t\t\t<span class=\"elementor-accordion-icon-closed\"><i class=\"fas fa-chevron-down\"><\/i><\/span>\n\t\t\t\t\t\t\t\t<span class=\"elementor-accordion-icon-opened\"><i class=\"fas fa-chevron-up\"><\/i><\/span>\n\t\t\t\t\t\t\t\t\t\t\t\t\t\t<\/span>\n\t\t\t\t\t\t\t\t\t\t\t\t<a class=\"elementor-accordion-title\" tabindex=\"0\">Legal assistant (m\/f\/d)<\/a>\n\t\t\t\t\t<\/div>\n\t\t\t\t\t<div id=\"elementor-tab-content-1731\" class=\"elementor-tab-content elementor-clearfix\" data-tab=\"1\" role=\"region\" aria-labelledby=\"elementor-tab-title-1731\"><p>You would like to reorient yourself and are looking for interesting and challenging tasks in a pleasant working atmosphere? Or are you about to complete your training and are looking for an attractive employer? Then send us your application!<\/p>\n<p><strong>Battke Gr\u00fcnberg Rechtsanw\u00e4lte PartGmbB,<\/strong> based in Dresden, is one of the larger commercial law firms in Central Germany with 20 lawyers. To strengthen our team, we are looking for a committed<\/p>\n<p><strong>Legal Assistant (m\/f\/d)<\/strong><\/p>\n<p>part-time or full-time. Because qualified and motivated employees are the basis of our success.<\/p>\n<p>You can expect:<\/p>\n<ul>\n<li>flexible working hours through flexitime as well as the possibility of mobile work<\/li>\n<li>a varied job in a team with flat hierarchies<\/li>\n<li>an attractive salary with additional benefits (e.g. travel allowance, holiday and Christmas bonuses, days off on 24 and 31 December)<\/li>\n<li>conscientious familiarisation with our work processes<\/li>\n<li>a modern, well-equipped workplace<\/li>\n<li>Joint team events<\/li>\n<li>Free lunches and drinks<\/li>\n<li>Further education and training (job-specific and personal development)<\/li>\n<\/ul>\n<p>You bring with you<\/p>\n<ul>\n<li>a completed apprenticeship as a legal assistant<\/li>\n<li>knowledge of MS Office programmes<\/li>\n<li>the ability and inclination to work independently, conscientiously and on your own responsibility<\/li>\n<\/ul>\n<p>Have we aroused your interest? Then please apply online using our application form or send your application to <a href=\"mailto:bewerbung@battke-gruenberg.de\">bewerbung@battke-gruenberg.de.<\/a><\/p>\n<\/div>\n\t\t\t\t<\/div>\n\t\t\t\t\t\t\t<div class=\"elementor-accordion-item\">\n\t\t\t\t\t<div id=\"elementor-tab-title-1732\" class=\"elementor-tab-title\" data-tab=\"2\" role=\"button\" aria-controls=\"elementor-tab-content-1732\" aria-expanded=\"false\">\n\t\t\t\t\t\t\t\t\t\t\t\t\t<span class=\"elementor-accordion-icon elementor-accordion-icon-left\" aria-hidden=\"true\">\n\t\t\t\t\t\t\t\t\t\t\t\t\t\t\t<span class=\"elementor-accordion-icon-closed\"><i class=\"fas fa-chevron-down\"><\/i><\/span>\n\t\t\t\t\t\t\t\t<span class=\"elementor-accordion-icon-opened\"><i class=\"fas fa-chevron-up\"><\/i><\/span>\n\t\t\t\t\t\t\t\t\t\t\t\t\t\t<\/span>\n\t\t\t\t\t\t\t\t\t\t\t\t<a class=\"elementor-accordion-title\" tabindex=\"0\">Business Informatics Specialist \/ IT Application Administrators (m\/f\/d)<\/a>\n\t\t\t\t\t<\/div>\n\t\t\t\t\t<div id=\"elementor-tab-content-1732\" class=\"elementor-tab-content elementor-clearfix\" data-tab=\"2\" role=\"region\" aria-labelledby=\"elementor-tab-title-1732\"><p>Battke Gr\u00fcnberg Rechtsanw\u00e4lte PartGmbB is one of the larger commercial law firms in Central Germany with 18 lawyers. We represent companies in the commercial sector, municipal clients and companies, companies in the social economy and charitable institutions. We combine the highest quality and competence with service and practical relevance.<\/p>\n<p>To strengthen our team, we are looking for a Business IT Specialist\/IT Application Administrator (m\/f\/d) with immediate effect.<\/p>\n<p>We offer:<\/p>\n<ul>\n<li>a team with flat hierarchies<\/li>\n<li>an attractive salary<\/li>\n<li>flexible working hours for your freedom<\/li>\n<li>a modern working environment in the centre of Dresden<\/li>\n<li>digital work with the latest equipment<\/li>\n<li>a good working atmosphere<\/li>\n<li>the opportunity for continuous training and further education<\/li>\n<\/ul>\n<p>Your area of responsibility:<\/p>\n<ul>\n<li>Supporting the specialist applications and advising on the introduction, further development and operation of the specialist applications<\/li>\n<li>Recording, specifying and coordinating the functional requirements of the departments<\/li>\n<li>Further development of the existing hardware and software landscape<\/li>\n<li>Project management and control of external service providers<\/li>\n<li>User support (1st and 2nd level support)<\/li>\n<li>Independent processing of conceptual topics<\/li>\n<li>Induction and guidance of staff as required<\/li>\n<li>Report to office management<\/li>\n<\/ul>\n<p>Your personal profile:<\/p>\n<ul>\n<li>Completed studies in business informatics or completed training as an IT specialist &#8211; system integration or comparable<\/li>\n<li>Experience in 1st and 2nd level support<\/li>\n<li>Independent, results-oriented way of working with a high level of initiative<\/li>\n<li>Strong communication skills and willingness to cooperate<\/li>\n<\/ul>\n<p>Do you want to be more than just an &#8220;employee&#8221;?<\/p>\n<p>Call us or send us your complete application documents (cover letter, CV and references) by e-mail, via our application form or by post:<\/p>\n<p>Battke Gr\u00fcnberg Rechtsanw\u00e4lte PartGmbB<br \/>Kleine Br\u00fcdergasse 3\u20135<br \/>01067 Dresden<\/p>\n<\/div>\n\t\t\t\t<\/div>\n\t\t\t\t\t\t\t\t<\/div>\n\t\t\t\t\t\t<\/div>\n\t\t\t\t<div class=\"elementor-element elementor-element-8bb308a elementor-mobile-align-center elementor-widget__width-initial btn elementor-widget elementor-widget-button\" data-id=\"8bb308a\" data-element_type=\"widget\" data-e-type=\"widget\" data-widget_type=\"button.default\">\n\t\t\t\t\t\t\t\t\t\t<a class=\"elementor-button elementor-button-link elementor-size-sm\" href=\"https:\/\/battke-gruenberg.de\/bewerbungsformular\/\">\n\t\t\t\t\t\t<span class=\"elementor-button-content-wrapper\">\n\t\t\t\t\t\t\t\t\t<span class=\"elementor-button-text\">APPLICATION FORM<\/span>\n\t\t\t\t\t<\/span>\n\t\t\t\t\t<\/a>\n\t\t\t\t\t\t\t\t<\/div>\n\t\t\t\t\t<\/div>\n\t\t<\/div>\n\t\t\t\t<div class=\"elementor-column elementor-col-50 elementor-top-column elementor-element elementor-element-a22c4d9\" data-id=\"a22c4d9\" data-element_type=\"column\" data-e-type=\"column\">\n\t\t\t<div class=\"elementor-widget-wrap elementor-element-populated\">\n\t\t\t\t\t\t<div class=\"elementor-element elementor-element-4c7fce9 elementor-widget elementor-widget-spacer\" data-id=\"4c7fce9\" data-element_type=\"widget\" data-e-type=\"widget\" data-widget_type=\"spacer.default\">\n\t\t\t\t\t\t\t<div class=\"elementor-spacer\">\n\t\t\t<div class=\"elementor-spacer-inner\"><\/div>\n\t\t<\/div>\n\t\t\t\t\t\t<\/div>\n\t\t\t\t<div class=\"elementor-element elementor-element-7a7344c elementor-align-start e-transform elementor-icon-list--layout-traditional elementor-list-item-link-full_width elementor-widget elementor-widget-icon-list\" data-id=\"7a7344c\" data-element_type=\"widget\" data-e-type=\"widget\" data-settings=\"{&quot;_transform_translateX_effect&quot;:{&quot;unit&quot;:&quot;px&quot;,&quot;size&quot;:0,&quot;sizes&quot;:[]},&quot;_transform_translateX_effect_laptop&quot;:{&quot;unit&quot;:&quot;px&quot;,&quot;size&quot;:&quot;&quot;,&quot;sizes&quot;:[]},&quot;_transform_translateX_effect_tablet&quot;:{&quot;unit&quot;:&quot;px&quot;,&quot;size&quot;:&quot;&quot;,&quot;sizes&quot;:[]},&quot;_transform_translateX_effect_mobile&quot;:{&quot;unit&quot;:&quot;px&quot;,&quot;size&quot;:&quot;&quot;,&quot;sizes&quot;:[]},&quot;_transform_translateY_effect&quot;:{&quot;unit&quot;:&quot;px&quot;,&quot;size&quot;:&quot;&quot;,&quot;sizes&quot;:[]},&quot;_transform_translateY_effect_laptop&quot;:{&quot;unit&quot;:&quot;px&quot;,&quot;size&quot;:&quot;&quot;,&quot;sizes&quot;:[]},&quot;_transform_translateY_effect_tablet&quot;:{&quot;unit&quot;:&quot;px&quot;,&quot;size&quot;:&quot;&quot;,&quot;sizes&quot;:[]},&quot;_transform_translateY_effect_mobile&quot;:{&quot;unit&quot;:&quot;px&quot;,&quot;size&quot;:&quot;&quot;,&quot;sizes&quot;:[]}}\" data-widget_type=\"icon-list.default\">\n\t\t\t\t\t\t\t<ul class=\"elementor-icon-list-items\">\n\t\t\t\t\t\t\t<li class=\"elementor-icon-list-item\">\n\t\t\t\t\t\t\t\t\t\t\t<a href=\"https:\/\/battke-gruenberg.de\/en\/lawyer-at-battke-gruenberg\/\">\n\n\t\t\t\t\t\t\t\t\t\t\t\t<span class=\"elementor-icon-list-icon\">\n\t\t\t\t\t\t\t<i aria-hidden=\"true\" class=\"fal fa-arrow-right\"><\/i>\t\t\t\t\t\t<\/span>\n\t\t\t\t\t\t\t\t\t\t<span class=\"elementor-icon-list-text\">Attorney at law at Battke Gr\u00fcnberg<\/span>\n\t\t\t\t\t\t\t\t\t\t\t<\/a>\n\t\t\t\t\t\t\t\t\t<\/li>\n\t\t\t\t\t\t\t\t<li class=\"elementor-icon-list-item\">\n\t\t\t\t\t\t\t\t\t\t\t<a href=\"https:\/\/battke-gruenberg.de\/en\/trainees-interns-research-assistants-doctoral-candidates\/\">\n\n\t\t\t\t\t\t\t\t\t\t\t\t<span class=\"elementor-icon-list-icon\">\n\t\t\t\t\t\t\t<i aria-hidden=\"true\" class=\"fal fa-arrow-right\"><\/i>\t\t\t\t\t\t<\/span>\n\t\t\t\t\t\t\t\t\t\t<span class=\"elementor-icon-list-text\">Trainees \/ interns \/ research assistants \/ doctoral candidates<\/span>\n\t\t\t\t\t\t\t\t\t\t\t<\/a>\n\t\t\t\t\t\t\t\t\t<\/li>\n\t\t\t\t\t\t<\/ul>\n\t\t\t\t\t\t<\/div>\n\t\t\t\t<div class=\"elementor-element elementor-element-851b305 elementor-widget elementor-widget-image\" data-id=\"851b305\" data-element_type=\"widget\" data-e-type=\"widget\" data-widget_type=\"image.default\">\n\t\t\t\t\t\t\t\t\t\t\t\t\t\t\t<img decoding=\"async\" width=\"800\" height=\"534\" src=\"data:image\/gif;base64,R0lGODlhAQABAAAAACH5BAEKAAEALAAAAAABAAEAAAICTAEAOw==\" class=\"attachment-large size-large wp-image-3300 lazyload\" alt=\"Dr. Andrea Benkendorff, Rechtsanw\u00e4ltin bei Battke Gr\u00fcnberg, steht in den Unternehmensr\u00e4umen.\" sizes=\"(max-width: 800px) 100vw, 800px\" title=\"\" data-src=\"https:\/\/battke-gruenberg.de\/wp-content\/uploads\/2023\/06\/BATTKE2021-005_TA901376_Benkendorff_Dr_Andrea-1-1024x683.jpg\" data-srcset=\"https:\/\/battke-gruenberg.de\/wp-content\/uploads\/2023\/06\/BATTKE2021-005_TA901376_Benkendorff_Dr_Andrea-1-1024x683.jpg 1024w, https:\/\/battke-gruenberg.de\/wp-content\/uploads\/2023\/06\/BATTKE2021-005_TA901376_Benkendorff_Dr_Andrea-1-300x200.jpg 300w, https:\/\/battke-gruenberg.de\/wp-content\/uploads\/2023\/06\/BATTKE2021-005_TA901376_Benkendorff_Dr_Andrea-1-768x512.jpg 768w, https:\/\/battke-gruenberg.de\/wp-content\/uploads\/2023\/06\/BATTKE2021-005_TA901376_Benkendorff_Dr_Andrea-1-1536x1024.jpg 1536w, https:\/\/battke-gruenberg.de\/wp-content\/uploads\/2023\/06\/BATTKE2021-005_TA901376_Benkendorff_Dr_Andrea-1.jpg 1920w\">\t\t\t\t\t\t\t\t\t\t\t\t\t\t\t<\/div>\n\t\t\t\t<section class=\"elementor-section elementor-inner-section elementor-element elementor-element-5f72fdc elementor-section-boxed elementor-section-height-default elementor-section-height-default\" data-id=\"5f72fdc\" data-element_type=\"section\" data-e-type=\"section\" data-settings=\"{&quot;jet_parallax_layout_list&quot;:[]}\">\n\t\t\t\t\t\t<div class=\"elementor-container elementor-column-gap-default\">\n\t\t\t\t\t<div class=\"elementor-column elementor-col-100 elementor-inner-column elementor-element elementor-element-455aaab\" data-id=\"455aaab\" data-element_type=\"column\" data-e-type=\"column\">\n\t\t\t<div class=\"elementor-widget-wrap elementor-element-populated\">\n\t\t\t\t\t\t<div class=\"elementor-element elementor-element-2a94061 elementor-widget elementor-widget-text-editor\" data-id=\"2a94061\" data-element_type=\"widget\" data-e-type=\"widget\" data-widget_type=\"text-editor.default\">\n\t\t\t\t\t\t\t\t\t<div class=\"name\">Dr. Andrea Benkendorff<\/div>\n<div class=\"phone\">Phone: <a href=\"tel:+49%20351%20563%2090%2026\">+49 351 563 90 26<\/a><\/div>\n<div class=\"mail\"><a href=\"mailto:benkendorff@battke-gruenberg.de\">benkendorff@battke-gruenberg.de<\/a><\/div>\n\t\t\t\t\t\t\t\t<\/div>\n\t\t\t\t\t<\/div>\n\t\t<\/div>\n\t\t\t\t\t<\/div>\n\t\t<\/section>\n\t\t\t\t<div class=\"elementor-element elementor-element-cf1477b elementor-widget elementor-widget-spacer\" data-id=\"cf1477b\" data-element_type=\"widget\" data-e-type=\"widget\" data-widget_type=\"spacer.default\">\n\t\t\t\t\t\t\t<div class=\"elementor-spacer\">\n\t\t\t<div class=\"elementor-spacer-inner\"><\/div>\n\t\t<\/div>\n\t\t\t\t\t\t<\/div>\n\t\t\t\t<div class=\"elementor-element elementor-element-8011c63 elementor-widget elementor-widget-image\" data-id=\"8011c63\" data-element_type=\"widget\" data-e-type=\"widget\" data-widget_type=\"image.default\">\n\t\t\t\t\t\t\t\t\t\t\t\t\t\t\t<img decoding=\"async\" width=\"800\" height=\"534\" src=\"data:image\/gif;base64,R0lGODlhAQABAAAAACH5BAEKAAEALAAAAAABAAEAAAICTAEAOw==\" class=\"attachment-large size-large wp-image-3295 lazyload\" alt=\"\" sizes=\"(max-width: 800px) 100vw, 800px\" title=\"\" data-src=\"https:\/\/battke-gruenberg.de\/wp-content\/uploads\/2023\/06\/BATTKE2021-005_TA902659_He\u251c\u0192_Kathleen-1-1024x683.jpg\" data-srcset=\"https:\/\/battke-gruenberg.de\/wp-content\/uploads\/2023\/06\/BATTKE2021-005_TA902659_He\u251c\u0192_Kathleen-1-1024x683.jpg 1024w, https:\/\/battke-gruenberg.de\/wp-content\/uploads\/2023\/06\/BATTKE2021-005_TA902659_He\u251c\u0192_Kathleen-1-300x200.jpg 300w, https:\/\/battke-gruenberg.de\/wp-content\/uploads\/2023\/06\/BATTKE2021-005_TA902659_He\u251c\u0192_Kathleen-1-768x512.jpg 768w, https:\/\/battke-gruenberg.de\/wp-content\/uploads\/2023\/06\/BATTKE2021-005_TA902659_He\u251c\u0192_Kathleen-1.jpg 1200w\">\t\t\t\t\t\t\t\t\t\t\t\t\t\t\t<\/div>\n\t\t\t\t<section class=\"elementor-section elementor-inner-section elementor-element elementor-element-9318eed elementor-section-boxed elementor-section-height-default elementor-section-height-default\" data-id=\"9318eed\" data-element_type=\"section\" data-e-type=\"section\" data-settings=\"{&quot;jet_parallax_layout_list&quot;:[]}\">\n\t\t\t\t\t\t<div class=\"elementor-container elementor-column-gap-default\">\n\t\t\t\t\t<div class=\"elementor-column elementor-col-100 elementor-inner-column elementor-element elementor-element-d6f6bdc\" data-id=\"d6f6bdc\" data-element_type=\"column\" data-e-type=\"column\">\n\t\t\t<div class=\"elementor-widget-wrap elementor-element-populated\">\n\t\t\t\t\t\t<div class=\"elementor-element elementor-element-0022208 elementor-widget elementor-widget-text-editor\" data-id=\"0022208\" data-element_type=\"widget\" data-e-type=\"widget\" data-widget_type=\"text-editor.default\">\n\t\t\t\t\t\t\t\t\t<div class=\"name\">\n<div class=\"name\">Kathleen K\u00fcver<\/div>\n<div class=\"phone\">Phone: <a href=\"tel:+49%20351%20563%2090%2028\">+49 351 563 90 28<\/a><\/div>\n<div class=\"mail\"><a href=\"mailto:bewerbung@battke-gruenberg.de\">bewerbung@battke-gruenberg.de<\/a><\/div>\n<\/div>\n\t\t\t\t\t\t\t\t<\/div>\n\t\t\t\t\t<\/div>\n\t\t<\/div>\n\t\t\t\t\t<\/div>\n\t\t<\/section>\n\t\t\t\t\t<\/div>\n\t\t<\/div>\n\t\t\t\t\t<\/div>\n\t\t<\/section>\n\t\t\t\t<\/div>\n\t\t","protected":false},"excerpt":{"rendered":"<p>Excellence in every area. The firm&#8217;s high standards of client service extend far beyond legal matters. Therefore, excellent support from dedicated secretarial and assistant staff is essential. At Battke Gr\u00fcnberg, you will work as part of a team and manage the department of a lawyer or team of lawyers &#8211; depending on the arrangement of [&hellip;]<\/p>\n","protected":false},"author":4,"featured_media":0,"parent":0,"menu_order":0,"comment_status":"closed","ping_status":"closed","template":"","meta":{"inline_featured_image":false,"footnotes":""},"folder":[],"class_list":["post-6401","page","type-page","status-publish","hentry"],"_links":{"self":[{"href":"https:\/\/battke-gruenberg.de\/en\/wp-json\/wp\/v2\/pages\/6401","targetHints":{"allow":["GET"]}}],"collection":[{"href":"https:\/\/battke-gruenberg.de\/en\/wp-json\/wp\/v2\/pages"}],"about":[{"href":"https:\/\/battke-gruenberg.de\/en\/wp-json\/wp\/v2\/types\/page"}],"author":[{"embeddable":true,"href":"https:\/\/battke-gruenberg.de\/en\/wp-json\/wp\/v2\/users\/4"}],"replies":[{"embeddable":true,"href":"https:\/\/battke-gruenberg.de\/en\/wp-json\/wp\/v2\/comments?post=6401"}],"version-history":[{"count":0,"href":"https:\/\/battke-gruenberg.de\/en\/wp-json\/wp\/v2\/pages\/6401\/revisions"}],"wp:attachment":[{"href":"https:\/\/battke-gruenberg.de\/en\/wp-json\/wp\/v2\/media?parent=6401"}],"wp:term":[{"taxonomy":"folder","embeddable":true,"href":"https:\/\/battke-gruenberg.de\/en\/wp-json\/wp\/v2\/folder?post=6401"}],"curies":[{"name":"wp","href":"https:\/\/api.w.org\/{rel}","templated":true}]}}