{"id":6397,"date":"2023-06-21T13:45:20","date_gmt":"2023-06-21T11:45:20","guid":{"rendered":"https:\/\/battke-gruenberg.de\/current-vacancies\/"},"modified":"2023-08-20T21:11:09","modified_gmt":"2023-08-20T19:11:09","slug":"current-vacancies","status":"publish","type":"page","link":"https:\/\/battke-gruenberg.de\/en\/current-vacancies\/","title":{"rendered":"Current vacancies"},"content":{"rendered":"\t\t<div data-elementor-type=\"wp-page\" data-elementor-id=\"6397\" class=\"elementor elementor-6397 elementor-1193\" data-elementor-post-type=\"page\">\n\t\t\t\t\t\t<section class=\"elementor-section elementor-top-section elementor-element elementor-element-0483149 elementor-section-full_width elementor-section-height-default elementor-section-height-default\" data-id=\"0483149\" data-element_type=\"section\" data-e-type=\"section\" data-settings=\"{&quot;jet_parallax_layout_list&quot;:[]}\">\n\t\t\t\t\t\t<div class=\"elementor-container elementor-column-gap-default\">\n\t\t\t\t\t<div class=\"elementor-column elementor-col-100 elementor-top-column elementor-element elementor-element-764555f\" data-id=\"764555f\" data-element_type=\"column\" data-e-type=\"column\">\n\t\t\t<div class=\"elementor-widget-wrap elementor-element-populated\">\n\t\t\t\t\t\t<div class=\"elementor-element elementor-element-8de6733 elementor-widget elementor-widget-image\" data-id=\"8de6733\" data-element_type=\"widget\" data-e-type=\"widget\" data-widget_type=\"image.default\">\n\t\t\t\t\t\t\t\t\t\t\t\t\t\t\t<img fetchpriority=\"high\" decoding=\"async\" width=\"1920\" height=\"720\" src=\"data:image\/gif;base64,R0lGODlhAQABAAAAACH5BAEKAAEALAAAAAABAAEAAAICTAEAOw==\" class=\"attachment-full size-full wp-image-3307 lazyload\" alt=\"Battke-Gr\u00fcnberg-Rechtsanw\u00e4lting Karla Graupner-Petzold im Gespr\u00e4ch mit Battke-Gr\u00fcnberg-Rechtsanwalt Prof. Dr. Johannes Handschumacher.\" sizes=\"(max-width: 1920px) 100vw, 1920px\" title=\"\" data-src=\"https:\/\/battke-gruenberg.de\/wp-content\/uploads\/2023\/06\/Battke_Karriere_03_1920x720-1.png\" data-srcset=\"https:\/\/battke-gruenberg.de\/wp-content\/uploads\/2023\/06\/Battke_Karriere_03_1920x720-1.png 1920w, https:\/\/battke-gruenberg.de\/wp-content\/uploads\/2023\/06\/Battke_Karriere_03_1920x720-1-300x113.png 300w, https:\/\/battke-gruenberg.de\/wp-content\/uploads\/2023\/06\/Battke_Karriere_03_1920x720-1-1024x384.png 1024w, https:\/\/battke-gruenberg.de\/wp-content\/uploads\/2023\/06\/Battke_Karriere_03_1920x720-1-768x288.png 768w, https:\/\/battke-gruenberg.de\/wp-content\/uploads\/2023\/06\/Battke_Karriere_03_1920x720-1-1536x576.png 1536w\">\t\t\t\t\t\t\t\t\t\t\t\t\t\t\t<\/div>\n\t\t\t\t\t<\/div>\n\t\t<\/div>\n\t\t\t\t\t<\/div>\n\t\t<\/section>\n\t\t\t\t<section class=\"elementor-section elementor-top-section elementor-element elementor-element-9809dfd elementor-section-boxed elementor-section-height-default elementor-section-height-default\" data-id=\"9809dfd\" data-element_type=\"section\" data-e-type=\"section\" data-settings=\"{&quot;jet_parallax_layout_list&quot;:[]}\">\n\t\t\t\t\t\t<div class=\"elementor-container elementor-column-gap-default\">\n\t\t\t\t\t<div class=\"elementor-column elementor-col-100 elementor-top-column elementor-element elementor-element-a114765\" data-id=\"a114765\" data-element_type=\"column\" data-e-type=\"column\">\n\t\t\t<div class=\"elementor-widget-wrap elementor-element-populated\">\n\t\t\t\t\t\t<div class=\"elementor-element elementor-element-530698e elementor-widget elementor-widget-heading\" data-id=\"530698e\" data-element_type=\"widget\" data-e-type=\"widget\" data-widget_type=\"heading.default\">\n\t\t\t\t\t<h1 class=\"elementor-heading-title elementor-size-default\">Current vacancies<\/h1>\t\t\t\t<\/div>\n\t\t\t\t<div class=\"elementor-element elementor-element-a54dfa1 elementor-widget elementor-widget-accordion\" data-id=\"a54dfa1\" data-element_type=\"widget\" data-e-type=\"widget\" data-widget_type=\"accordion.default\">\n\t\t\t\t\t\t\t<div class=\"elementor-accordion\">\n\t\t\t\t\t\t\t<div class=\"elementor-accordion-item\">\n\t\t\t\t\t<div id=\"elementor-tab-title-1731\" class=\"elementor-tab-title\" data-tab=\"1\" role=\"button\" aria-controls=\"elementor-tab-content-1731\" aria-expanded=\"false\">\n\t\t\t\t\t\t\t\t\t\t\t\t\t<span class=\"elementor-accordion-icon elementor-accordion-icon-left\" aria-hidden=\"true\">\n\t\t\t\t\t\t\t\t\t\t\t\t\t\t\t<span class=\"elementor-accordion-icon-closed\"><i class=\"fas fa-chevron-down\"><\/i><\/span>\n\t\t\t\t\t\t\t\t<span class=\"elementor-accordion-icon-opened\"><i class=\"fas fa-chevron-up\"><\/i><\/span>\n\t\t\t\t\t\t\t\t\t\t\t\t\t\t<\/span>\n\t\t\t\t\t\t\t\t\t\t\t\t<a class=\"elementor-accordion-title\" tabindex=\"0\">Lawyer \/ Attorney in the field of construction and real estate law (m\/f\/d)<\/a>\n\t\t\t\t\t<\/div>\n\t\t\t\t\t<div id=\"elementor-tab-content-1731\" class=\"elementor-tab-content elementor-clearfix\" data-tab=\"1\" role=\"region\" aria-labelledby=\"elementor-tab-title-1731\"><p>We are looking for lawyers (m\/f\/d) for the area of construction and real estate law with immediate effect.<\/p>\n<p>You will be a perfect fit for us if you have above-average exams and enjoy working as a lawyer in a team. At least two years of professional experience in this field, additional qualifications such as a specialist lawyer for construction and real estate law, a doctorate or an LL.M. are desirable.<\/p>\n<p>WE OFFER YOU employment with a good balance between highly qualified work and private life. You will work in a specialised field with a personal development concept tailored to you.<\/p>\n<p>Do you want to be more than just an &#8220;employee&#8221;? Then send us your application, also online via our website.<\/p>\n<p>Call us or send us your complete application documents (cover letter, CV and references) by e-mail, via our application form or by post:<\/p>\n<\/p>\n<p>Battke Gr\u00fcnberg Rechtsanw\u00e4lte PartGmbB<br \/>Kleine Br\u00fcdergasse 3-5<br \/>01067 Dresden<\/p>\n<\/div>\n\t\t\t\t<\/div>\n\t\t\t\t\t\t\t<div class=\"elementor-accordion-item\">\n\t\t\t\t\t<div id=\"elementor-tab-title-1732\" class=\"elementor-tab-title\" data-tab=\"2\" role=\"button\" aria-controls=\"elementor-tab-content-1732\" aria-expanded=\"false\">\n\t\t\t\t\t\t\t\t\t\t\t\t\t<span class=\"elementor-accordion-icon elementor-accordion-icon-left\" aria-hidden=\"true\">\n\t\t\t\t\t\t\t\t\t\t\t\t\t\t\t<span class=\"elementor-accordion-icon-closed\"><i class=\"fas fa-chevron-down\"><\/i><\/span>\n\t\t\t\t\t\t\t\t<span class=\"elementor-accordion-icon-opened\"><i class=\"fas fa-chevron-up\"><\/i><\/span>\n\t\t\t\t\t\t\t\t\t\t\t\t\t\t<\/span>\n\t\t\t\t\t\t\t\t\t\t\t\t<a class=\"elementor-accordion-title\" tabindex=\"0\">Trainees (m\/f\/d) and interns (m\/f\/d)<\/a>\n\t\t\t\t\t<\/div>\n\t\t\t\t\t<div id=\"elementor-tab-content-1732\" class=\"elementor-tab-content elementor-clearfix\" data-tab=\"2\" role=\"region\" aria-labelledby=\"elementor-tab-title-1732\"><p>We are looking for qualified trainees (m\/f\/d) as well as interns (m\/f\/d) with a first state examination to work with us and for ward training. We also offer models for doctoral supervision.<\/p>\n<p>Are you one of the best in your year and enthusiastic about the content of the legal profession? Do you strive for practical relevance and think ahead? If so, we offer you the chance to get to know another side of the legal profession &#8211; project-creating and project-supporting work &#8211; in addition to traditional forensic practice.<\/p>\n<p>With us you will enjoy all the advantages of a large local commercial law firm. You will receive a sound education with individual support and plenty of room for collegial exchange. In a highly motivated environment, you will gain direct insight into the work of a commercial lawyer Depending on your interests and training focus, you can work and learn in various areas of law. During your employment, you will be individually supervised by a mentor, who will also show you possible perspectives for a career at Battke Gr\u00fcnberg Rechtsanw\u00e4lte.<\/p>\n<p>We are looking for high-performing personalities who enjoy working in our teams in an entrepreneurial and independent manner. We attach great importance to social competence.<\/p>\n<p>Against this background, we expect you to have above-average academic achievements and a very good command of English.<\/p>\n<p>Does this appeal to you?<\/p>\n<p>Please send your complete application documents (cover letter, curriculum vitae and references) by e-mail, via our application form or by post to:<\/p>\n<p>Battke Gr\u00fcnberg Rechtsanw\u00e4lte PartGmbB<br \/>Kleine Br\u00fcdergasse 3-5<br \/>01067 Dresden<\/p>\n<\/div>\n\t\t\t\t<\/div>\n\t\t\t\t\t\t\t<div class=\"elementor-accordion-item\">\n\t\t\t\t\t<div id=\"elementor-tab-title-1733\" class=\"elementor-tab-title\" data-tab=\"3\" role=\"button\" aria-controls=\"elementor-tab-content-1733\" aria-expanded=\"false\">\n\t\t\t\t\t\t\t\t\t\t\t\t\t<span class=\"elementor-accordion-icon elementor-accordion-icon-left\" aria-hidden=\"true\">\n\t\t\t\t\t\t\t\t\t\t\t\t\t\t\t<span class=\"elementor-accordion-icon-closed\"><i class=\"fas fa-chevron-down\"><\/i><\/span>\n\t\t\t\t\t\t\t\t<span class=\"elementor-accordion-icon-opened\"><i class=\"fas fa-chevron-up\"><\/i><\/span>\n\t\t\t\t\t\t\t\t\t\t\t\t\t\t<\/span>\n\t\t\t\t\t\t\t\t\t\t\t\t<a class=\"elementor-accordion-title\" tabindex=\"0\">Business Informatics Specialist \/ IT Application Administrators (m\/f\/d)<\/a>\n\t\t\t\t\t<\/div>\n\t\t\t\t\t<div id=\"elementor-tab-content-1733\" class=\"elementor-tab-content elementor-clearfix\" data-tab=\"3\" role=\"region\" aria-labelledby=\"elementor-tab-title-1733\"><p>Battke Gr\u00fcnberg Rechtsanw\u00e4lte PartGmbB is one of the larger commercial law firms in Central Germany with 18 lawyers. We represent companies in the commercial sector, municipal clients and companies, companies in the social economy and charitable institutions. We combine the highest quality and competence with service and practical relevance.<\/p>\n<p>To strengthen our team, we are looking for a Business IT Specialist\/IT Application Administrator (m\/f\/d) with immediate effect.<\/p>\n<p>We offer:<\/p>\n<ul>\n<li>a team with flat hierarchies<\/li>\n<li>an attractive salary<\/li>\n<li>lexible working hours for your freedom<\/li>\n<li>a modern working environment in the centre of Dresden<\/li>\n<li>digital work with the latest equipment<\/li>\n<li>a good working atmosphere<\/li>\n<li>the opportunity for continuous training and further education<\/li>\n<\/ul>\n<p>Your area of responsibility:<\/p>\n<ul>\n<li>Supporting the specialist applications and advising on the introduction, further development and operation of the specialist applications<\/li>\n<li>Recording, specifying and coordinating the functional requirements of the departments<\/li>\n<li>Further development of the existing hardware and software landscape<\/li>\n<li>Project management and control of external service providers<\/li>\n<li>User support (1st and 2nd level support)<\/li>\n<li>Independent processing of conceptual topics<\/li>\n<li>Induction and guidance of staff as required<\/li>\n<li>Report to office management<\/li>\n<\/ul>\n<p>Your personal profile:<\/p>\n<ul>\n<li>Completed studies in business informatics or completed training as an IT specialist &#8211; system integration or comparable<\/li>\n<li>Experience in 1st and 2nd level support<\/li>\n<li>Independent, result-oriented way of working with a high level of initiative<\/li>\n<li>Strong communication skills and willingness to cooperate<\/li>\n<\/ul>\n<p>Do you want to be more than just an &#8220;employee&#8221;?<\/p>\n<p>Call us or send us your complete application documents (cover letter, CV and references) by e-mail, via our application form or by post:<\/p>\n<p>Battke Gr\u00fcnberg Rechtsanw\u00e4lte PartGmbB<br \/>Kleine Br\u00fcdergasse 3\u20135<br \/>01067 Dresden<\/p>\n<\/div>\n\t\t\t\t<\/div>\n\t\t\t\t\t\t\t<div class=\"elementor-accordion-item\">\n\t\t\t\t\t<div id=\"elementor-tab-title-1734\" class=\"elementor-tab-title\" data-tab=\"4\" role=\"button\" aria-controls=\"elementor-tab-content-1734\" aria-expanded=\"false\">\n\t\t\t\t\t\t\t\t\t\t\t\t\t<span class=\"elementor-accordion-icon elementor-accordion-icon-left\" aria-hidden=\"true\">\n\t\t\t\t\t\t\t\t\t\t\t\t\t\t\t<span class=\"elementor-accordion-icon-closed\"><i class=\"fas fa-chevron-down\"><\/i><\/span>\n\t\t\t\t\t\t\t\t<span class=\"elementor-accordion-icon-opened\"><i class=\"fas fa-chevron-up\"><\/i><\/span>\n\t\t\t\t\t\t\t\t\t\t\t\t\t\t<\/span>\n\t\t\t\t\t\t\t\t\t\t\t\t<a class=\"elementor-accordion-title\" tabindex=\"0\">Legal assistant (m\/f)<\/a>\n\t\t\t\t\t<\/div>\n\t\t\t\t\t<div id=\"elementor-tab-content-1734\" class=\"elementor-tab-content elementor-clearfix\" data-tab=\"4\" role=\"region\" aria-labelledby=\"elementor-tab-title-1734\"><p>You would like to reorient yourself and are looking for interesting and challenging tasks in a pleasant working atmosphere? Or are you about to complete your training and are looking for an attractive employer? Then send us your application!<\/p>\n<p><strong>Battke Gr\u00fcnberg Rechtsanw\u00e4lte PartGmbB<\/strong>, based in Dresden, is one of the larger commercial law firms in Central Germany with 20 lawyers. To strengthen our team, we are looking for a committed<\/p>\n<p><strong>Legal assistant (m\/f)<\/strong><\/p>\n<p>part-time or full-time. Because qualified and motivated employees are the basis of our success.<\/p>\n<p>You can expect:<\/p>\n<ul>\n<li>flexible working hours through flexitime as well as the possibility of mobile work<\/li>\n<li>a varied job in a team with flat hierarchies<\/li>\n<li>an attractive salary with additional benefits (e.g. travel allowance, holiday and Christmas bonuses, days off on 24 and 31 December)<\/li>\n<li>conscientious familiarisation with our work processes<\/li>\n<li>a modern, well-equipped workplace<\/li>\n<li>Joint team events<\/li>\n<li>Free lunches and drinks<\/li>\n<li>Further education and training (job-specific and personal development)<\/li>\n<\/ul>\n<p>You bring with you<\/p>\n<ul>\n<li>a completed apprenticeship as a legal assistant<\/li>\n<li>knowledge of MS Office programmes<\/li>\n<li>the ability and inclination to work independently, conscientiously and on your own responsibility<\/li>\n<\/ul>\n<p>Have we aroused your interest? Then please apply online using our application form or send your application to <a href=\"mailto:bewerbung@battke-gruenberg.de\">bewerbung@battke-gruenberg.de.<\/a><\/p>\n<\/div>\n\t\t\t\t<\/div>\n\t\t\t\t\t\t\t\t<\/div>\n\t\t\t\t\t\t<\/div>\n\t\t\t\t<div class=\"elementor-element elementor-element-cccc829 elementor-mobile-align-center btn elementor-widget__width-initial elementor-widget elementor-widget-button\" data-id=\"cccc829\" data-element_type=\"widget\" data-e-type=\"widget\" data-widget_type=\"button.default\">\n\t\t\t\t\t\t\t\t\t\t<a class=\"elementor-button elementor-button-link elementor-size-sm\" href=\"https:\/\/battke-gruenberg.de\/bewerbungsformular\/\">\n\t\t\t\t\t\t<span class=\"elementor-button-content-wrapper\">\n\t\t\t\t\t\t\t\t\t<span class=\"elementor-button-text\">APPLICATION FORM<\/span>\n\t\t\t\t\t<\/span>\n\t\t\t\t\t<\/a>\n\t\t\t\t\t\t\t\t<\/div>\n\t\t\t\t<div class=\"elementor-element elementor-element-e8d2f21 elementor-widget elementor-widget-text-editor\" data-id=\"e8d2f21\" data-element_type=\"widget\" data-e-type=\"widget\" data-widget_type=\"text-editor.default\">\n\t\t\t\t\t\t\t\t\t<p>Nothing for you at the moment? Try it anyway and convince us with a speculative application. Battke Gr\u00fcnberg is always open to new talent.<\/p>\n<p>Please feel free to use our <a href=\"http:\/\/test2021.battke-gruenberg.de\/bewerbungsformular\/\">application form<\/a>.<\/p>\n\t\t\t\t\t\t\t\t<\/div>\n\t\t\t\t\t<\/div>\n\t\t<\/div>\n\t\t\t\t\t<\/div>\n\t\t<\/section>\n\t\t\t\t<\/div>\n\t\t","protected":false},"excerpt":{"rendered":"<p>Current vacancies Lawyer \/ Attorney in the field of construction and real estate law (m\/f\/d) We are looking for lawyers (m\/f\/d) for the area of construction and real estate law with immediate effect. You will be a perfect fit for us if you have above-average exams and enjoy working as a lawyer in a team. [&hellip;]<\/p>\n","protected":false},"author":4,"featured_media":0,"parent":0,"menu_order":0,"comment_status":"closed","ping_status":"closed","template":"","meta":{"inline_featured_image":false,"footnotes":""},"folder":[],"class_list":["post-6397","page","type-page","status-publish","hentry"],"_links":{"self":[{"href":"https:\/\/battke-gruenberg.de\/en\/wp-json\/wp\/v2\/pages\/6397","targetHints":{"allow":["GET"]}}],"collection":[{"href":"https:\/\/battke-gruenberg.de\/en\/wp-json\/wp\/v2\/pages"}],"about":[{"href":"https:\/\/battke-gruenberg.de\/en\/wp-json\/wp\/v2\/types\/page"}],"author":[{"embeddable":true,"href":"https:\/\/battke-gruenberg.de\/en\/wp-json\/wp\/v2\/users\/4"}],"replies":[{"embeddable":true,"href":"https:\/\/battke-gruenberg.de\/en\/wp-json\/wp\/v2\/comments?post=6397"}],"version-history":[{"count":0,"href":"https:\/\/battke-gruenberg.de\/en\/wp-json\/wp\/v2\/pages\/6397\/revisions"}],"wp:attachment":[{"href":"https:\/\/battke-gruenberg.de\/en\/wp-json\/wp\/v2\/media?parent=6397"}],"wp:term":[{"taxonomy":"folder","embeddable":true,"href":"https:\/\/battke-gruenberg.de\/en\/wp-json\/wp\/v2\/folder?post=6397"}],"curies":[{"name":"wp","href":"https:\/\/api.w.org\/{rel}","templated":true}]}}